{"id":6493,"date":"2023-09-04T13:13:49","date_gmt":"2023-09-04T12:13:49","guid":{"rendered":"https:\/\/educartenatureza.uab.pt\/?page_id=6493"},"modified":"2023-09-05T23:06:05","modified_gmt":"2023-09-05T22:06:05","slug":"glosario-institucional","status":"publish","type":"page","link":"https:\/\/educartenatureza.uab.pt\/es\/proyecto\/glosario-institucional\/","title":{"rendered":"Glosario Institucional"},"content":{"rendered":"\n<div style=\"height:100px\" aria-hidden=\"true\" class=\"wp-block-spacer\"><\/div>\n\n\n\n<h2 class=\"wp-block-heading\">Glosario Institucional<\/h2>\n\n\n\n<div style=\"height:15px\" aria-hidden=\"true\" class=\"wp-block-spacer\"><\/div>\n\n\n\n<p>Educ@rteNatureza es un proyecto desarrollado con la intervenci\u00f3n de diversas organizaciones nacionales e internacionales.<\/p>\n\n\n\n<p>Estas organizaciones trabajan en diferentes \u00e1reas y con diferentes p\u00fablicos, y su inter\u00e9s en los temas desarrollados en el proyecto proporciona un espacio de interacci\u00f3n y construcci\u00f3n compartida. Esto crea las condiciones para el desarrollo generativo de diversos eventos y recursos.<\/p>\n\n\n\n<div style=\"height:30px\" aria-hidden=\"true\" class=\"wp-block-spacer\"><\/div>\n\n\n\n<div id=\"gbc-df018e-9c\" class=\"wp-block-c3-framew-gutenbergblocks-advancedcontainer gbc gbc-view row-valign-top align-full c3-framew-gutenbergblocks-advancedcontainer\" style=\"background-color:#eeeeee\"><div class=\"gbc-background-overlay gbc-background-overlay-normal\" style=\"opacity:0.3\"><\/div><div class=\"gbc-wrapper\" style=\"padding-top:60px;padding-bottom:0px\"><div id=\"gbc-container-gbc-df018e-9c\" class=\"inner-container container\">\n<h3 class=\"wp-block-heading has-text-align-center\">Comit\u00e9 Cient\u00edfico<\/h3>\n\n\n\n<div style=\"height:30px\" aria-hidden=\"true\" class=\"wp-block-spacer\"><\/div>\n\n\n\n\n    <div class=\"partnership-members elements\">\n        <div class=\"row justify-content-center\">\n            \t\t\t\t<div class=\"element col-12 col-lg-3 mb-4 d-flex\">\n\t\t\t\t\t<a href=\"https:\/\/educartenatureza.uab.pt\/es\/entidade\/centro-de-ecologia-funcional-uc\/\"  class=\" text-decoration-none\" title=\"Know more about Glosario Institucional\">\n\t\t\t\t\t\t\t<div class=\"card overflow-hidden w-100 h-100\">\n\t\t\t\t\t\t\t\t\t\t\t\t\t\t\t\t\t\t\t\t\t\t\t\t<div class=\"entry-thumbnail-wrapper-bg\"><div class=\"entry-thumbnail-wrapper align-content-center align-items-center d-flex justify-content-center p-5\"><img decoding=\"async\"  src=\"https:\/\/educartenatureza.uab.pt\/es\/wp-content\/uploads\/sites\/38\/2023\/09\/CEF-UC.jpg\" width=\"194\" height=\"49\" class=\"attachment-news-list-thumbnails-size size-news-list-thumbnails-size block entry-thumbnail img-fluid w-100\" alt=\"Centro de Ecologia Funcional-UC\"  loading=\"lazy\"><\/div><\/div>\n\t\t\t\t\t\t\t\t\t\t\t\t\t\t\t\t<div class=\"card-body p-4\">\n\t\t\t\t\t\t\t\t\t<h5 class=\"card-title font-weight-bold mt-0 text-center\">Centro de Ecologia Funcional-UC<\/h5>\n\t\t\t\t\t\t\t\t\t\t\t\t\t\t\t\t\t\t\t\t<div class=\"card-text\"><\/div>\n\t\t\t\t\t\t\t\t\t\t\t\t\t\t\t\t\t\t<\/div>\n\t\t\t\t\t\t\t<\/div>\n\t\t\t\t\t<\/a>\n\t\t\t\t<\/div>\n            \t\t\t\t<div class=\"element col-12 col-lg-3 mb-4 d-flex\">\n\t\t\t\t\t<a href=\"https:\/\/educartenatureza.uab.pt\/es\/entidade\/centro-de-neurociencia-y-biologia-celular-uc\/\"  class=\" text-decoration-none\" title=\"Know more about Glosario Institucional\">\n\t\t\t\t\t\t\t<div class=\"card overflow-hidden w-100 h-100\">\n\t\t\t\t\t\t\t\t\t\t\t\t\t\t\t\t\t\t\t\t\t\t\t\t<div class=\"entry-thumbnail-wrapper-bg\"><div class=\"entry-thumbnail-wrapper align-content-center align-items-center d-flex justify-content-center p-5\"><img decoding=\"async\"  src=\"https:\/\/educartenatureza.uab.pt\/es\/wp-content\/uploads\/sites\/38\/2023\/09\/CNC-uc.jpg\" width=\"1141\" height=\"274\" class=\"attachment-news-list-thumbnails-size size-news-list-thumbnails-size block entry-thumbnail img-fluid w-100\" alt=\"Centro de Neurociencia y Biolog\u00eda Celular-UC\" srcset=\"https:\/\/educartenatureza.uab.pt\/es\/wp-content\/uploads\/sites\/38\/2023\/09\/CNC-uc.jpg 1141w, https:\/\/educartenatureza.uab.pt\/es\/wp-content\/uploads\/sites\/38\/2023\/09\/CNC-uc-300x72.jpg 300w, https:\/\/educartenatureza.uab.pt\/es\/wp-content\/uploads\/sites\/38\/2023\/09\/CNC-uc-1024x246.jpg 1024w, https:\/\/educartenatureza.uab.pt\/es\/wp-content\/uploads\/sites\/38\/2023\/09\/CNC-uc-768x184.jpg 768w\" sizes=\"auto, (max-width: 1141px) 100vw, 1141px\"  loading=\"lazy\"><\/div><\/div>\n\t\t\t\t\t\t\t\t\t\t\t\t\t\t\t\t<div class=\"card-body p-4\">\n\t\t\t\t\t\t\t\t\t<h5 class=\"card-title font-weight-bold mt-0 text-center\">Centro de Neurociencia y Biolog\u00eda Celular-UC<\/h5>\n\t\t\t\t\t\t\t\t\t\t\t\t\t\t\t\t\t\t\t\t<div class=\"card-text\"><\/div>\n\t\t\t\t\t\t\t\t\t\t\t\t\t\t\t\t\t\t<\/div>\n\t\t\t\t\t\t\t<\/div>\n\t\t\t\t\t<\/a>\n\t\t\t\t<\/div>\n            \t\t\t\t<div class=\"element col-12 col-lg-3 mb-4 d-flex\">\n\t\t\t\t\t<a href=\"https:\/\/educartenatureza.uab.pt\/es\/entidade\/departamento-de-ciencias-da-vida-uc\/\"  class=\" text-decoration-none\" title=\"Know more about Glosario Institucional\">\n\t\t\t\t\t\t\t<div class=\"card overflow-hidden w-100 h-100\">\n\t\t\t\t\t\t\t\t\t\t\t\t\t\t\t\t\t\t\t\t\t\t\t\t<div class=\"entry-thumbnail-wrapper-bg\"><div class=\"entry-thumbnail-wrapper align-content-center align-items-center d-flex justify-content-center p-5\"><img decoding=\"async\"  src=\"https:\/\/educartenatureza.uab.pt\/es\/wp-content\/uploads\/sites\/38\/2023\/09\/DCV_.png\" width=\"1920\" height=\"600\" class=\"attachment-news-list-thumbnails-size size-news-list-thumbnails-size block entry-thumbnail img-fluid w-100\" alt=\"Departamento de Ci\u00eancias da Vida - UC\" srcset=\"https:\/\/educartenatureza.uab.pt\/es\/wp-content\/uploads\/sites\/38\/2023\/09\/DCV_.png 1920w, https:\/\/educartenatureza.uab.pt\/es\/wp-content\/uploads\/sites\/38\/2023\/09\/DCV_-300x94.png 300w, https:\/\/educartenatureza.uab.pt\/es\/wp-content\/uploads\/sites\/38\/2023\/09\/DCV_-1024x320.png 1024w, https:\/\/educartenatureza.uab.pt\/es\/wp-content\/uploads\/sites\/38\/2023\/09\/DCV_-768x240.png 768w, https:\/\/educartenatureza.uab.pt\/es\/wp-content\/uploads\/sites\/38\/2023\/09\/DCV_-1536x480.png 1536w\" sizes=\"auto, (max-width: 1920px) 100vw, 1920px\"  loading=\"lazy\"><\/div><\/div>\n\t\t\t\t\t\t\t\t\t\t\t\t\t\t\t\t<div class=\"card-body p-4\">\n\t\t\t\t\t\t\t\t\t<h5 class=\"card-title font-weight-bold mt-0 text-center\">Departamento de Ci\u00eancias da Vida &#8211; UC<\/h5>\n\t\t\t\t\t\t\t\t\t\t\t\t\t\t\t\t\t\t\t\t<div class=\"card-text\"><\/div>\n\t\t\t\t\t\t\t\t\t\t\t\t\t\t\t\t\t\t<\/div>\n\t\t\t\t\t\t\t<\/div>\n\t\t\t\t\t<\/a>\n\t\t\t\t<\/div>\n                    <\/div>\n    <\/div>\n\n\n\n<div style=\"height:70px\" aria-hidden=\"true\" class=\"wp-block-spacer\"><\/div>\n\n\n\n<h3 class=\"wp-block-heading has-text-align-center\">Entidades Organizadoras<\/h3>\n\n\n\n<div style=\"height:30px\" aria-hidden=\"true\" class=\"wp-block-spacer\"><\/div>\n\n\n\n\n    <div class=\"partnership-members elements\">\n        <div class=\"row justify-content-center\">\n            \t\t\t\t<div class=\"element col-12 col-lg-3 mb-4 d-flex\">\n\t\t\t\t\t<a href=\"https:\/\/educartenatureza.uab.pt\/es\/entidade\/fpce-uc\/\"  class=\" text-decoration-none\" title=\"Know more about Glosario Institucional\">\n\t\t\t\t\t\t\t<div class=\"card overflow-hidden w-100 h-100\">\n\t\t\t\t\t\t\t\t\t\t\t\t\t\t\t\t\t\t\t\t\t\t\t\t<div class=\"entry-thumbnail-wrapper-bg\"><div class=\"entry-thumbnail-wrapper align-content-center align-items-center d-flex justify-content-center p-5\"><img decoding=\"async\"  src=\"https:\/\/educartenatureza.uab.pt\/es\/wp-content\/uploads\/sites\/38\/2023\/09\/lettering-uc.png\" width=\"395\" height=\"90\" class=\"attachment-news-list-thumbnails-size size-news-list-thumbnails-size block entry-thumbnail img-fluid w-100\" alt=\"\" srcset=\"https:\/\/educartenatureza.uab.pt\/es\/wp-content\/uploads\/sites\/38\/2023\/09\/lettering-uc.png 395w, https:\/\/educartenatureza.uab.pt\/es\/wp-content\/uploads\/sites\/38\/2023\/09\/lettering-uc-300x68.png 300w\" sizes=\"auto, (max-width: 395px) 100vw, 395px\"  loading=\"lazy\"><\/div><\/div>\n\t\t\t\t\t\t\t\t\t\t\t\t\t\t\t\t<div class=\"card-body p-4\">\n\t\t\t\t\t\t\t\t\t<h5 class=\"card-title font-weight-bold mt-0 text-center\">Faculdad de Psicologia y de Ciencias de la Educaci\u00f3n de la Universidad de Coimbra<\/h5>\n\t\t\t\t\t\t\t\t\t\t\t\t\t\t\t\t\t\t\t\t<div class=\"card-text\"><\/div>\n\t\t\t\t\t\t\t\t\t\t\t\t\t\t\t\t\t\t<\/div>\n\t\t\t\t\t\t\t<\/div>\n\t\t\t\t\t<\/a>\n\t\t\t\t<\/div>\n            \t\t\t\t<div class=\"element col-12 col-lg-3 mb-4 d-flex\">\n\t\t\t\t\t<a href=\"https:\/\/educartenatureza.uab.pt\/es\/entidade\/municipio-de-cantanhede\/\"  class=\" text-decoration-none\" title=\"Know more about Glosario Institucional\">\n\t\t\t\t\t\t\t<div class=\"card overflow-hidden w-100 h-100\">\n\t\t\t\t\t\t\t\t\t\t\t\t\t\t\t\t\t\t\t\t\t\t\t\t<div class=\"entry-thumbnail-wrapper-bg\"><div class=\"entry-thumbnail-wrapper align-content-center align-items-center d-flex justify-content-center p-5\"><img decoding=\"async\"  src=\"https:\/\/educartenatureza.uab.pt\/es\/wp-content\/uploads\/sites\/38\/2023\/09\/CM-Cantanhede.png\" width=\"512\" height=\"185\" class=\"attachment-news-list-thumbnails-size size-news-list-thumbnails-size block entry-thumbnail img-fluid w-100\" alt=\"\" srcset=\"https:\/\/educartenatureza.uab.pt\/es\/wp-content\/uploads\/sites\/38\/2023\/09\/CM-Cantanhede.png 512w, https:\/\/educartenatureza.uab.pt\/es\/wp-content\/uploads\/sites\/38\/2023\/09\/CM-Cantanhede-300x108.png 300w\" sizes=\"auto, (max-width: 512px) 100vw, 512px\"  loading=\"lazy\"><\/div><\/div>\n\t\t\t\t\t\t\t\t\t\t\t\t\t\t\t\t<div class=\"card-body p-4\">\n\t\t\t\t\t\t\t\t\t<h5 class=\"card-title font-weight-bold mt-0 text-center\">Munic\u00edpio de Cantanhede<\/h5>\n\t\t\t\t\t\t\t\t\t\t\t\t\t\t\t\t\t\t\t\t<div class=\"card-text\"><\/div>\n\t\t\t\t\t\t\t\t\t\t\t\t\t\t\t\t\t\t<\/div>\n\t\t\t\t\t\t\t<\/div>\n\t\t\t\t\t<\/a>\n\t\t\t\t<\/div>\n            \t\t\t\t<div class=\"element col-12 col-lg-3 mb-4 d-flex\">\n\t\t\t\t\t<a href=\"https:\/\/educartenatureza.uab.pt\/es\/entidade\/uab-2\/\"  class=\" text-decoration-none\" title=\"Know more about Glosario Institucional\">\n\t\t\t\t\t\t\t<div class=\"card overflow-hidden w-100 h-100\">\n\t\t\t\t\t\t\t\t\t\t\t\t\t\t\t\t\t\t\t\t\t\t\t\t<div class=\"entry-thumbnail-wrapper-bg\"><div class=\"entry-thumbnail-wrapper align-content-center align-items-center d-flex justify-content-center p-5\"><img decoding=\"async\"  src=\"https:\/\/educartenatureza.uab.pt\/es\/wp-content\/uploads\/sites\/38\/2023\/09\/UAb-logo.png\" width=\"512\" height=\"132\" class=\"attachment-news-list-thumbnails-size size-news-list-thumbnails-size block entry-thumbnail img-fluid w-100\" alt=\"\" srcset=\"https:\/\/educartenatureza.uab.pt\/es\/wp-content\/uploads\/sites\/38\/2023\/09\/UAb-logo.png 512w, https:\/\/educartenatureza.uab.pt\/es\/wp-content\/uploads\/sites\/38\/2023\/09\/UAb-logo-300x77.png 300w\" sizes=\"auto, (max-width: 512px) 100vw, 512px\"  loading=\"lazy\"><\/div><\/div>\n\t\t\t\t\t\t\t\t\t\t\t\t\t\t\t\t<div class=\"card-body p-4\">\n\t\t\t\t\t\t\t\t\t<h5 class=\"card-title font-weight-bold mt-0 text-center\">Universidade Aberta Portugal<\/h5>\n\t\t\t\t\t\t\t\t\t\t\t\t\t\t\t\t\t\t\t\t<div class=\"card-text\"><\/div>\n\t\t\t\t\t\t\t\t\t\t\t\t\t\t\t\t\t\t<\/div>\n\t\t\t\t\t\t\t<\/div>\n\t\t\t\t\t<\/a>\n\t\t\t\t<\/div>\n                    <\/div>\n    <\/div>\n\n\n\n<div style=\"height:70px\" aria-hidden=\"true\" class=\"wp-block-spacer\"><\/div>\n\n\n\n<h3 class=\"wp-block-heading has-text-align-center\">Entidades Colaboradoras<\/h3>\n\n\n\n<div style=\"height:30px\" aria-hidden=\"true\" class=\"wp-block-spacer\"><\/div>\n\n\n\n\n    <div class=\"partnership-members elements\">\n        <div class=\"row justify-content-center\">\n            \t\t\t\t<div class=\"element col-12 col-lg-3 mb-4 d-flex\">\n\t\t\t\t\t<a href=\"https:\/\/educartenatureza.uab.pt\/es\/entidade\/associacao-musical-da-pocarica\/\"  class=\" text-decoration-none\" title=\"Know more about Glosario Institucional\">\n\t\t\t\t\t\t\t<div class=\"card overflow-hidden w-100 h-100\">\n\t\t\t\t\t\t\t\t\t\t\t\t\t\t\t\t\t\t\t\t\t\t\t\t<div class=\"entry-thumbnail-wrapper-bg\"><div class=\"entry-thumbnail-wrapper align-content-center align-items-center d-flex justify-content-center p-5\"><img decoding=\"async\"  src=\"https:\/\/educartenatureza.uab.pt\/es\/wp-content\/uploads\/sites\/38\/2023\/09\/Ass_Mus_Pocarica.png\" width=\"236\" height=\"292\" class=\"attachment-news-list-thumbnails-size size-news-list-thumbnails-size block entry-thumbnail img-fluid w-100\" alt=\"Associa\u00e7\u00e3o Musical da Pocari\u00e7a\"  loading=\"lazy\"><\/div><\/div>\n\t\t\t\t\t\t\t\t\t\t\t\t\t\t\t\t<div class=\"card-body p-4\">\n\t\t\t\t\t\t\t\t\t<h5 class=\"card-title font-weight-bold mt-0 text-center\">Associa\u00e7\u00e3o Musical da Pocari\u00e7a<\/h5>\n\t\t\t\t\t\t\t\t\t\t\t\t\t\t\t\t\t\t\t\t<div class=\"card-text\"><\/div>\n\t\t\t\t\t\t\t\t\t\t\t\t\t\t\t\t\t\t<\/div>\n\t\t\t\t\t\t\t<\/div>\n\t\t\t\t\t<\/a>\n\t\t\t\t<\/div>\n            \t\t\t\t<div class=\"element col-12 col-lg-3 mb-4 d-flex\">\n\t\t\t\t\t<a href=\"https:\/\/educartenatureza.uab.pt\/es\/entidade\/centro-de-formacao-de-associacao-de-escolas-beira-mar\/\"  class=\" text-decoration-none\" title=\"Know more about Glosario Institucional\">\n\t\t\t\t\t\t\t<div class=\"card overflow-hidden w-100 h-100\">\n\t\t\t\t\t\t\t\t\t\t\t\t\t\t\t\t\t\t\t\t\t\t\t\t<div class=\"entry-thumbnail-wrapper-bg\"><div class=\"entry-thumbnail-wrapper align-content-center align-items-center d-flex justify-content-center p-5\"><img decoding=\"async\"  src=\"https:\/\/educartenatureza.uab.pt\/es\/wp-content\/uploads\/sites\/38\/2023\/09\/logo_CFAE_cor.jpg\" width=\"2017\" height=\"1276\" class=\"attachment-news-list-thumbnails-size size-news-list-thumbnails-size block entry-thumbnail img-fluid w-100\" alt=\"Centro de Forma\u00e7\u00e3o de Associa\u00e7\u00e3o de Escolas Beira Mar\" srcset=\"https:\/\/educartenatureza.uab.pt\/es\/wp-content\/uploads\/sites\/38\/2023\/09\/logo_CFAE_cor.jpg 2017w, https:\/\/educartenatureza.uab.pt\/es\/wp-content\/uploads\/sites\/38\/2023\/09\/logo_CFAE_cor-300x190.jpg 300w, https:\/\/educartenatureza.uab.pt\/es\/wp-content\/uploads\/sites\/38\/2023\/09\/logo_CFAE_cor-1024x648.jpg 1024w, https:\/\/educartenatureza.uab.pt\/es\/wp-content\/uploads\/sites\/38\/2023\/09\/logo_CFAE_cor-768x486.jpg 768w, https:\/\/educartenatureza.uab.pt\/es\/wp-content\/uploads\/sites\/38\/2023\/09\/logo_CFAE_cor-1536x972.jpg 1536w\" sizes=\"auto, (max-width: 2017px) 100vw, 2017px\"  loading=\"lazy\"><\/div><\/div>\n\t\t\t\t\t\t\t\t\t\t\t\t\t\t\t\t<div class=\"card-body p-4\">\n\t\t\t\t\t\t\t\t\t<h5 class=\"card-title font-weight-bold mt-0 text-center\">Centro de Forma\u00e7\u00e3o de Associa\u00e7\u00e3o de Escolas Beira Mar<\/h5>\n\t\t\t\t\t\t\t\t\t\t\t\t\t\t\t\t\t\t\t\t<div class=\"card-text\"><\/div>\n\t\t\t\t\t\t\t\t\t\t\t\t\t\t\t\t\t\t<\/div>\n\t\t\t\t\t\t\t<\/div>\n\t\t\t\t\t<\/a>\n\t\t\t\t<\/div>\n            \t\t\t\t<div class=\"element col-12 col-lg-3 mb-4 d-flex\">\n\t\t\t\t\t<a href=\"https:\/\/educartenatureza.uab.pt\/es\/entidade\/centro-de-formacao-de-associacao-de-escolas-minerva\/\"  class=\" text-decoration-none\" title=\"Know more about Glosario Institucional\">\n\t\t\t\t\t\t\t<div class=\"card overflow-hidden w-100 h-100\">\n\t\t\t\t\t\t\t\t\t\t\t\t\t\t\t\t\t\t\t\t\t\t\t\t<div class=\"entry-thumbnail-wrapper-bg\"><div class=\"entry-thumbnail-wrapper align-content-center align-items-center d-flex justify-content-center p-5\"><img decoding=\"async\"  src=\"https:\/\/educartenatureza.uab.pt\/es\/wp-content\/uploads\/sites\/38\/2023\/09\/CFAE_Minerva.png\" width=\"300\" height=\"122\" class=\"attachment-news-list-thumbnails-size size-news-list-thumbnails-size block entry-thumbnail img-fluid w-100\" alt=\"Centro de Forma\u00e7\u00e3o de Associa\u00e7\u00e3o de Escolas Minerva\"  loading=\"lazy\"><\/div><\/div>\n\t\t\t\t\t\t\t\t\t\t\t\t\t\t\t\t<div class=\"card-body p-4\">\n\t\t\t\t\t\t\t\t\t<h5 class=\"card-title font-weight-bold mt-0 text-center\">Centro de Forma\u00e7\u00e3o de Associa\u00e7\u00e3o de Escolas Minerva<\/h5>\n\t\t\t\t\t\t\t\t\t\t\t\t\t\t\t\t\t\t\t\t<div class=\"card-text\"><\/div>\n\t\t\t\t\t\t\t\t\t\t\t\t\t\t\t\t\t\t<\/div>\n\t\t\t\t\t\t\t<\/div>\n\t\t\t\t\t<\/a>\n\t\t\t\t<\/div>\n            \t\t\t\t<div class=\"element col-12 col-lg-3 mb-4 d-flex\">\n\t\t\t\t\t<a href=\"https:\/\/educartenatureza.uab.pt\/es\/entidade\/centro-de-formacao-de-associacao-de-escolas-nova-agora\/\"  class=\" text-decoration-none\" title=\"Know more about Glosario Institucional\">\n\t\t\t\t\t\t\t<div class=\"card overflow-hidden w-100 h-100\">\n\t\t\t\t\t\t\t\t\t\t\t\t\t\t\t\t\t\t\t\t\t\t\t\t<div class=\"entry-thumbnail-wrapper-bg\"><div class=\"entry-thumbnail-wrapper align-content-center align-items-center d-flex justify-content-center p-5\"><img decoding=\"async\"  src=\"https:\/\/educartenatureza.uab.pt\/es\/wp-content\/uploads\/sites\/38\/2023\/09\/CFAE-nova_agora.jpg\" width=\"624\" height=\"597\" class=\"attachment-news-list-thumbnails-size size-news-list-thumbnails-size block entry-thumbnail img-fluid w-100\" alt=\"Centro de Forma\u00e7\u00e3o de Associa\u00e7\u00e3o de Escolas Nova \u00c1gora\" srcset=\"https:\/\/educartenatureza.uab.pt\/es\/wp-content\/uploads\/sites\/38\/2023\/09\/CFAE-nova_agora.jpg 624w, https:\/\/educartenatureza.uab.pt\/es\/wp-content\/uploads\/sites\/38\/2023\/09\/CFAE-nova_agora-300x287.jpg 300w\" sizes=\"auto, (max-width: 624px) 100vw, 624px\"  loading=\"lazy\"><\/div><\/div>\n\t\t\t\t\t\t\t\t\t\t\t\t\t\t\t\t<div class=\"card-body p-4\">\n\t\t\t\t\t\t\t\t\t<h5 class=\"card-title font-weight-bold mt-0 text-center\">Centro de Forma\u00e7\u00e3o de Associa\u00e7\u00e3o de Escolas Nova \u00c1gora<\/h5>\n\t\t\t\t\t\t\t\t\t\t\t\t\t\t\t\t\t\t\t\t<div class=\"card-text\"><\/div>\n\t\t\t\t\t\t\t\t\t\t\t\t\t\t\t\t\t\t<\/div>\n\t\t\t\t\t\t\t<\/div>\n\t\t\t\t\t<\/a>\n\t\t\t\t<\/div>\n            \t\t\t\t<div class=\"element col-12 col-lg-3 mb-4 d-flex\">\n\t\t\t\t\t<a href=\"https:\/\/educartenatureza.uab.pt\/es\/entidade\/escola-tecnica-profissional-de-cantanhede\/\"  class=\" text-decoration-none\" title=\"Know more about Glosario Institucional\">\n\t\t\t\t\t\t\t<div class=\"card overflow-hidden w-100 h-100\">\n\t\t\t\t\t\t\t\t\t\t\t\t\t\t\t\t\t\t\t\t\t\t\t\t<div class=\"entry-thumbnail-wrapper-bg\"><div class=\"entry-thumbnail-wrapper align-content-center align-items-center d-flex justify-content-center p-5\"><img decoding=\"async\"  src=\"https:\/\/educartenatureza.uab.pt\/es\/wp-content\/uploads\/sites\/38\/2023\/09\/etpc.png\" width=\"1016\" height=\"261\" class=\"attachment-news-list-thumbnails-size size-news-list-thumbnails-size block entry-thumbnail img-fluid w-100\" alt=\"Escola T\u00e9cnico-Profissional de Cantanhede\" srcset=\"https:\/\/educartenatureza.uab.pt\/es\/wp-content\/uploads\/sites\/38\/2023\/09\/etpc.png 1016w, https:\/\/educartenatureza.uab.pt\/es\/wp-content\/uploads\/sites\/38\/2023\/09\/etpc-300x77.png 300w, https:\/\/educartenatureza.uab.pt\/es\/wp-content\/uploads\/sites\/38\/2023\/09\/etpc-768x197.png 768w\" sizes=\"auto, (max-width: 1016px) 100vw, 1016px\"  loading=\"lazy\"><\/div><\/div>\n\t\t\t\t\t\t\t\t\t\t\t\t\t\t\t\t<div class=\"card-body p-4\">\n\t\t\t\t\t\t\t\t\t<h5 class=\"card-title font-weight-bold mt-0 text-center\">Escola T\u00e9cnico Profissional de Cantanhede<\/h5>\n\t\t\t\t\t\t\t\t\t\t\t\t\t\t\t\t\t\t\t\t<div class=\"card-text\"><\/div>\n\t\t\t\t\t\t\t\t\t\t\t\t\t\t\t\t\t\t<\/div>\n\t\t\t\t\t\t\t<\/div>\n\t\t\t\t\t<\/a>\n\t\t\t\t<\/div>\n            \t\t\t\t<div class=\"element col-12 col-lg-3 mb-4 d-flex\">\n\t\t\t\t\t<a href=\"https:\/\/educartenatureza.uab.pt\/es\/entidade\/fundacion-tormes-eb\/\"  class=\" text-decoration-none\" title=\"Know more about Glosario Institucional\">\n\t\t\t\t\t\t\t<div class=\"card overflow-hidden w-100 h-100\">\n\t\t\t\t\t\t\t\t\t\t\t\t\t\t\t\t\t\t\t\t\t\t\t\t<div class=\"entry-thumbnail-wrapper-bg\"><div class=\"entry-thumbnail-wrapper align-content-center align-items-center d-flex justify-content-center p-5\"><img decoding=\"async\"  src=\"https:\/\/educartenatureza.uab.pt\/es\/wp-content\/uploads\/sites\/38\/2023\/09\/logofundaciontormes.jpg\" width=\"600\" height=\"171\" class=\"attachment-news-list-thumbnails-size size-news-list-thumbnails-size block entry-thumbnail img-fluid w-100\" alt=\"Fundaci\u00f3n Tormes-EB\" srcset=\"https:\/\/educartenatureza.uab.pt\/es\/wp-content\/uploads\/sites\/38\/2023\/09\/logofundaciontormes.jpg 600w, https:\/\/educartenatureza.uab.pt\/es\/wp-content\/uploads\/sites\/38\/2023\/09\/logofundaciontormes-300x86.jpg 300w\" sizes=\"auto, (max-width: 600px) 100vw, 600px\"  loading=\"lazy\"><\/div><\/div>\n\t\t\t\t\t\t\t\t\t\t\t\t\t\t\t\t<div class=\"card-body p-4\">\n\t\t\t\t\t\t\t\t\t<h5 class=\"card-title font-weight-bold mt-0 text-center\">Fundaci\u00f3n Tormes-EB<\/h5>\n\t\t\t\t\t\t\t\t\t\t\t\t\t\t\t\t\t\t\t\t<div class=\"card-text\"><\/div>\n\t\t\t\t\t\t\t\t\t\t\t\t\t\t\t\t\t\t<\/div>\n\t\t\t\t\t\t\t<\/div>\n\t\t\t\t\t<\/a>\n\t\t\t\t<\/div>\n            \t\t\t\t<div class=\"element col-12 col-lg-3 mb-4 d-flex\">\n\t\t\t\t\t<a href=\"https:\/\/educartenatureza.uab.pt\/es\/entidade\/proyecto-descola\/\"  class=\" text-decoration-none\" title=\"Know more about Glosario Institucional\">\n\t\t\t\t\t\t\t<div class=\"card overflow-hidden w-100 h-100\">\n\t\t\t\t\t\t\t\t\t\t\t\t\t\t\t\t\t\t\t\t\t\t\t\t<div class=\"entry-thumbnail-wrapper-bg\"><div class=\"entry-thumbnail-wrapper align-content-center align-items-center d-flex justify-content-center p-5\"><img decoding=\"async\"  src=\"https:\/\/educartenatureza.uab.pt\/es\/wp-content\/uploads\/sites\/38\/2024\/01\/DESCOLA-1200X928-Copia.jpg\" width=\"1200\" height=\"730\" class=\"attachment-news-list-thumbnails-size size-news-list-thumbnails-size block entry-thumbnail img-fluid w-100\" alt=\"\" srcset=\"https:\/\/educartenatureza.uab.pt\/es\/wp-content\/uploads\/sites\/38\/2024\/01\/DESCOLA-1200X928-Copia.jpg 1200w, https:\/\/educartenatureza.uab.pt\/es\/wp-content\/uploads\/sites\/38\/2024\/01\/DESCOLA-1200X928-Copia-300x183.jpg 300w, https:\/\/educartenatureza.uab.pt\/es\/wp-content\/uploads\/sites\/38\/2024\/01\/DESCOLA-1200X928-Copia-1024x623.jpg 1024w, https:\/\/educartenatureza.uab.pt\/es\/wp-content\/uploads\/sites\/38\/2024\/01\/DESCOLA-1200X928-Copia-768x467.jpg 768w\" sizes=\"auto, (max-width: 1200px) 100vw, 1200px\"  loading=\"lazy\"><\/div><\/div>\n\t\t\t\t\t\t\t\t\t\t\t\t\t\t\t\t<div class=\"card-body p-4\">\n\t\t\t\t\t\t\t\t\t<h5 class=\"card-title font-weight-bold mt-0 text-center\">Proyecto DESCOLA<\/h5>\n\t\t\t\t\t\t\t\t\t\t\t\t\t\t\t\t\t\t\t\t<div class=\"card-text\"><\/div>\n\t\t\t\t\t\t\t\t\t\t\t\t\t\t\t\t\t\t<\/div>\n\t\t\t\t\t\t\t<\/div>\n\t\t\t\t\t<\/a>\n\t\t\t\t<\/div>\n            \t\t\t\t<div class=\"element col-12 col-lg-3 mb-4 d-flex\">\n\t\t\t\t\t<a href=\"https:\/\/educartenatureza.uab.pt\/es\/entidade\/universidade-de-salamanca\/\"  class=\" text-decoration-none\" title=\"Know more about Glosario Institucional\">\n\t\t\t\t\t\t\t<div class=\"card overflow-hidden w-100 h-100\">\n\t\t\t\t\t\t\t\t\t\t\t\t\t\t\t\t\t\t\t\t\t\t\t\t<div class=\"entry-thumbnail-wrapper-bg\"><div class=\"entry-thumbnail-wrapper align-content-center align-items-center d-flex justify-content-center p-5\"><img decoding=\"async\"  src=\"https:\/\/educartenatureza.uab.pt\/es\/wp-content\/uploads\/sites\/38\/2023\/09\/logo_usal.png\" width=\"260\" height=\"120\" class=\"attachment-news-list-thumbnails-size size-news-list-thumbnails-size block entry-thumbnail img-fluid w-100\" alt=\"\"  loading=\"lazy\"><\/div><\/div>\n\t\t\t\t\t\t\t\t\t\t\t\t\t\t\t\t<div class=\"card-body p-4\">\n\t\t\t\t\t\t\t\t\t<h5 class=\"card-title font-weight-bold mt-0 text-center\">Universidad de Salamanca<\/h5>\n\t\t\t\t\t\t\t\t\t\t\t\t\t\t\t\t\t\t\t\t<div class=\"card-text\"><\/div>\n\t\t\t\t\t\t\t\t\t\t\t\t\t\t\t\t\t\t<\/div>\n\t\t\t\t\t\t\t<\/div>\n\t\t\t\t\t<\/a>\n\t\t\t\t<\/div>\n                    <\/div>\n    <\/div>\n<\/div><\/div><\/div>\n\n\n\n<div id=\"gbc-836c3d-c7\" class=\"wp-block-c3-framew-gutenbergblocks-advancedcontainer gbc gbc-view row-valign-top align-full c3-framew-gutenbergblocks-advancedcontainer\" style=\"background-color:#eeeeee\"><div class=\"gbc-background-overlay gbc-background-overlay-normal\" style=\"opacity:0.3\"><\/div><div class=\"gbc-wrapper\" style=\"padding-top:50px;padding-bottom:60px\"><div id=\"gbc-container-gbc-836c3d-c7\" class=\"inner-container container\">\n<p class=\"has-text-color has-medium-font-size\" style=\"color:#591c1c\"><\/p>\n<\/div><\/div><\/div>\n","protected":false},"excerpt":{"rendered":"Glosario Institucional Educ@rteNatureza es un proyecto desarrollado con la intervenci\u00f3n de diversas organizaciones nacionales e internacionales. Estas organizaciones trabajan en diferentes \u00e1reas y con diferentes p\u00fablicos, y su inter\u00e9s en los temas desarrollados en el proyecto proporciona un espacio de interacci\u00f3n y construcci\u00f3n compartida. Esto crea las condiciones para el desarrollo generativo de diversos eventos [&hellip;]","protected":false},"author":1,"featured_media":0,"parent":2,"menu_order":50,"comment_status":"closed","ping_status":"closed","template":"","meta":{"speak2many_translation":"{\"pt-PT\":{\"postID\":null,\"postTitle\":\"\",\"siteID\":36,\"customURL\":true,\"languageInfo\":{\"speak2many_site_api_url\":\"https:\/\/educartenatureza.uab.pt\/wp-json\/\",\"name\":\"Portugu\u00eas\",\"locale\":\"pt_PT_ao90\"},\"langKey\":\"pt-PT\",\"url\":\"https:\/\/educartenatureza.uab.pt\/projeto\/glossario-institucional\/\"},\"es\":{\"url\":\"\",\"postID\":null,\"postTitle\":\"\",\"siteID\":38,\"customURL\":true,\"languageInfo\":{\"name\":\"Espa\u00f1ol\",\"locale\":\"es_ES\"},\"langKey\":\"es\"}}","footnotes":""},"class_list":["post-6493","page","type-page","status-publish","hentry"],"_links":{"self":[{"href":"https:\/\/educartenatureza.uab.pt\/es\/wp-json\/wp\/v2\/pages\/6493","targetHints":{"allow":["GET"]}}],"collection":[{"href":"https:\/\/educartenatureza.uab.pt\/es\/wp-json\/wp\/v2\/pages"}],"about":[{"href":"https:\/\/educartenatureza.uab.pt\/es\/wp-json\/wp\/v2\/types\/page"}],"author":[{"embeddable":true,"href":"https:\/\/educartenatureza.uab.pt\/es\/wp-json\/wp\/v2\/users\/1"}],"replies":[{"embeddable":true,"href":"https:\/\/educartenatureza.uab.pt\/es\/wp-json\/wp\/v2\/comments?post=6493"}],"version-history":[{"count":4,"href":"https:\/\/educartenatureza.uab.pt\/es\/wp-json\/wp\/v2\/pages\/6493\/revisions"}],"predecessor-version":[{"id":7184,"href":"https:\/\/educartenatureza.uab.pt\/es\/wp-json\/wp\/v2\/pages\/6493\/revisions\/7184"}],"up":[{"embeddable":true,"href":"https:\/\/educartenatureza.uab.pt\/es\/wp-json\/wp\/v2\/pages\/2"}],"wp:attachment":[{"href":"https:\/\/educartenatureza.uab.pt\/es\/wp-json\/wp\/v2\/media?parent=6493"}],"curies":[{"name":"wp","href":"https:\/\/api.w.org\/{rel}","templated":true}]}}