{"id":6585,"date":"2023-09-04T15:10:34","date_gmt":"2023-09-04T14:10:34","guid":{"rendered":"https:\/\/educartenatureza.uab.pt\/?page_id=6585"},"modified":"2023-10-11T16:46:00","modified_gmt":"2023-10-11T15:46:00","slug":"proyectos-y-eventos","status":"publish","type":"page","link":"https:\/\/educartenatureza.uab.pt\/es\/investigacion\/proyectos-y-eventos\/","title":{"rendered":"Proyectos y Eventos"},"content":{"rendered":"\n<div style=\"height:100px\" aria-hidden=\"true\" class=\"wp-block-spacer\"><\/div>\n\n\n\n<p>Este espacio tiene como objetivo dar a conocer proyectos y eventos relacionados con las tem\u00e1ticas centrales del proyecto Educ@rteNatureza. &nbsp;Es un espacio que ser\u00e1 alimentado y actualizado con el fin de crear una plataforma donde se indexen iniciativas relacionadas con la justificaci\u00f3n, construcci\u00f3n y sensibilizaci\u00f3n en temas ambientales y educativos.<\/p>\n\n\n\n<p class=\"has-large-font-size\"><strong>Proyectos<\/strong><\/p>\n\n\n\n<p class=\"has-medium-font-size\"><strong>Salgamos para fuera<\/strong><\/p>\n\n\n\n<p class=\"has-normal-font-size\"><br>Como parte de su doctorado en Estudios de la Infancia, Sociolog\u00eda de la Infancia, en la Universidad de Minho, Centro de Investigaci\u00f3n en Estudios de la Infancia y supervisada por el profesor Manuel Jacinto Sarmento, Joana da Silva Pinto index\u00f3 proyectos de Educaci\u00f3n en la Naturaleza. El proyecto fue financiado por la Fundaci\u00f3n para la Ciencia y la Tecnolog\u00eda a trav\u00e9s de una beca de investigaci\u00f3n. Podemos ver los resultados de este trabajo de investigaci\u00f3n, que ha dado lugar a la identificaci\u00f3n de proyectos en espacios educativos nacionales que favorecen el juego al aire libre y, en particular, el juego en la naturaleza.<\/p>\n\n\n\n<div class=\"wp-block-buttons is-content-justification-center is-layout-flex wp-container-core-buttons-is-layout-16018d1d wp-block-buttons-is-layout-flex\">\n<div class=\"wp-block-button\"><a class=\"wp-block-button__link wp-element-button\" href=\"https:\/\/vamoslaparafora.wixsite.com\/vamoslaparafora\">M\u00e1s informaci\u00f3n<\/a><\/div>\n<\/div>\n\n\n\n<p>.<\/p>\n\n\n\n<div style=\"height:100px\" aria-hidden=\"true\" class=\"wp-block-spacer\"><\/div>\n\n\n\n<p><\/p>\n","protected":false},"excerpt":{"rendered":"Este espacio tiene como objetivo dar a conocer proyectos y eventos relacionados con las tem\u00e1ticas centrales del proyecto Educ@rteNatureza. &nbsp;Es un espacio que ser\u00e1 alimentado y actualizado con el fin de crear una plataforma donde se indexen iniciativas relacionadas con la justificaci\u00f3n, construcci\u00f3n y sensibilizaci\u00f3n en temas ambientales y educativos. Proyectos Salgamos para fuera Como [&hellip;]","protected":false},"author":1,"featured_media":0,"parent":982,"menu_order":20,"comment_status":"closed","ping_status":"closed","template":"","meta":{"speak2many_translation":"{\"pt-PT\":{\"postID\":null,\"postTitle\":\"\",\"siteID\":36,\"customURL\":true,\"languageInfo\":{\"speak2many_site_api_url\":\"https:\/\/educartenatureza.uab.pt\/wp-json\/\",\"name\":\"Portugu\u00eas\",\"locale\":\"pt_PT_ao90\"},\"langKey\":\"pt-PT\",\"url\":\"https:\/\/educartenatureza.uab.pt\/investigacao\/projetos-e-eventos\/\"},\"es\":{\"url\":\"\",\"postID\":null,\"postTitle\":\"\",\"siteID\":38,\"customURL\":true,\"languageInfo\":{\"name\":\"Espa\u00f1ol\",\"locale\":\"es_ES\"},\"langKey\":\"es\"}}","footnotes":""},"class_list":["post-6585","page","type-page","status-publish","hentry"],"_links":{"self":[{"href":"https:\/\/educartenatureza.uab.pt\/es\/wp-json\/wp\/v2\/pages\/6585","targetHints":{"allow":["GET"]}}],"collection":[{"href":"https:\/\/educartenatureza.uab.pt\/es\/wp-json\/wp\/v2\/pages"}],"about":[{"href":"https:\/\/educartenatureza.uab.pt\/es\/wp-json\/wp\/v2\/types\/page"}],"author":[{"embeddable":true,"href":"https:\/\/educartenatureza.uab.pt\/es\/wp-json\/wp\/v2\/users\/1"}],"replies":[{"embeddable":true,"href":"https:\/\/educartenatureza.uab.pt\/es\/wp-json\/wp\/v2\/comments?post=6585"}],"version-history":[{"count":14,"href":"https:\/\/educartenatureza.uab.pt\/es\/wp-json\/wp\/v2\/pages\/6585\/revisions"}],"predecessor-version":[{"id":7245,"href":"https:\/\/educartenatureza.uab.pt\/es\/wp-json\/wp\/v2\/pages\/6585\/revisions\/7245"}],"up":[{"embeddable":true,"href":"https:\/\/educartenatureza.uab.pt\/es\/wp-json\/wp\/v2\/pages\/982"}],"wp:attachment":[{"href":"https:\/\/educartenatureza.uab.pt\/es\/wp-json\/wp\/v2\/media?parent=6585"}],"curies":[{"name":"wp","href":"https:\/\/api.w.org\/{rel}","templated":true}]}}