{"id":952,"date":"2023-05-17T10:36:10","date_gmt":"2023-05-17T09:36:10","guid":{"rendered":"https:\/\/sites.uab.pt\/educarte-natureza\/?page_id=952"},"modified":"2023-09-05T15:47:27","modified_gmt":"2023-09-05T14:47:27","slug":"objetivos","status":"publish","type":"page","link":"https:\/\/educartenatureza.uab.pt\/es\/proyecto\/objetivos\/","title":{"rendered":"Objetivos"},"content":{"rendered":"\n<div id=\"gbc-ba04fd-62\" class=\"wp-block-c3-framew-gutenbergblocks-advancedcontainer gbc gbc-view row-valign-top align-full c3-framew-gutenbergblocks-advancedcontainer\" style=\"background-color:#eeeeee;color:#591c1c\"><div class=\"gbc-background-overlay gbc-background-overlay-normal\" style=\"opacity:0.3\"><\/div><div class=\"gbc-wrapper\" style=\"padding-top:60px;padding-bottom:60px\"><div id=\"gbc-container-gbc-ba04fd-62\" class=\"inner-container container\" style=\"color:#591c1c\">\n<h1 class=\"wp-block-heading has-text-align-center has-text-color\" style=\"color:#591c1c\"><strong><strong>Objetivo<\/strong><\/strong>s<\/h1>\n\n\n\n<p class=\"has-text-color has-medium-font-size\" style=\"color:#591c1c\"><br>El objetivo de Educ@rte proyecto Nature es promover la educaci\u00f3n ambiental y concienciar sobre la importancia de la naturaleza a trav\u00e9s de actividades y recursos educativos. Nuestro prop\u00f3sito es fomentar la conexi\u00f3n de las personas con el entorno natural proporcionando informaci\u00f3n y experiencias que estimulen la apreciaci\u00f3n, el respeto y la conservaci\u00f3n de la naturaleza. Adem\u00e1s, pretendemos integrar el tema ambiental de manera integral en el curr\u00edculo escolar, involucrando a maestros, estudiantes y la comunidad en general.<\/p>\n\n\n\n<div class=\"wp-block-group\"><div class=\"wp-block-group__inner-container is-layout-constrained wp-block-group-is-layout-constrained\">\n<ul class=\"has-medium-font-size wp-block-list\">\n<li>Promover el desarrollo sostenible de las comunidades.<\/li>\n\n\n\n<li>Promover la adopci\u00f3n de enfoques<br>creativos, exploratorios y experimentales que promuevan el \u00e9xito escolar, la ciudadan\u00eda activa y cr\u00edtica, y el aprendizaje permanente.<\/li>\n\n\n\n<li>Contribuir a la transici\u00f3n digital en la educaci\u00f3n a trav\u00e9s del uso pedag\u00f3gico de<br>diversas herramientas tecnol\u00f3gicas, como el programa Scratch.<\/li>\n\n\n\n<li>Promover experiencias educativas en y por la naturaleza.<\/li>\n\n\n\n<li>Promover estilos de vida saludables, respaldados por una inteligencia emocional y espiritual arraigada en el mundo natural.<\/li>\n<\/ul>\n<\/div><\/div>\n\n\n\n<div style=\"height:50px\" aria-hidden=\"true\" class=\"wp-block-spacer\"><\/div>\n\n\n<div class=\"wp-block-image\">\n<figure class=\"aligncenter size-large\"><img loading=\"lazy\" decoding=\"async\" width=\"1024\" height=\"768\" src=\"https:\/\/educartenatureza.uab.pt\/es\/wp-content\/uploads\/sites\/38\/2023\/09\/20230315_145018-1024x768.jpg\" alt=\"\" class=\"wp-image-7071\" srcset=\"https:\/\/educartenatureza.uab.pt\/es\/wp-content\/uploads\/sites\/38\/2023\/09\/20230315_145018-1024x768.jpg 1024w, https:\/\/educartenatureza.uab.pt\/es\/wp-content\/uploads\/sites\/38\/2023\/09\/20230315_145018-300x225.jpg 300w, https:\/\/educartenatureza.uab.pt\/es\/wp-content\/uploads\/sites\/38\/2023\/09\/20230315_145018-768x576.jpg 768w, https:\/\/educartenatureza.uab.pt\/es\/wp-content\/uploads\/sites\/38\/2023\/09\/20230315_145018-1536x1152.jpg 1536w, https:\/\/educartenatureza.uab.pt\/es\/wp-content\/uploads\/sites\/38\/2023\/09\/20230315_145018-2048x1536.jpg 2048w\" sizes=\"auto, (max-width: 1024px) 100vw, 1024px\" \/><\/figure>\n<\/div><\/div><\/div><\/div>\n","protected":false},"excerpt":{"rendered":"","protected":false},"author":1,"featured_media":0,"parent":2,"menu_order":30,"comment_status":"closed","ping_status":"closed","template":"","meta":{"speak2many_translation":"{\"pt-PT\":{\"postID\":null,\"postTitle\":\"\",\"siteID\":36,\"customURL\":true,\"languageInfo\":{\"speak2many_site_api_url\":\"https:\/\/educartenatureza.uab.pt\/wp-json\/\",\"name\":\"Portugu\u00eas\",\"locale\":\"pt_PT_ao90\"},\"langKey\":\"pt-PT\",\"url\":\"https:\/\/educartenatureza.uab.pt\/projeto\/objetivos\/\"},\"es\":{\"url\":\"\",\"postID\":null,\"postTitle\":\"\",\"siteID\":38,\"customURL\":true,\"languageInfo\":{\"name\":\"Espa\u00f1ol\",\"locale\":\"es_ES\"},\"langKey\":\"es\"}}","footnotes":""},"class_list":["post-952","page","type-page","status-publish","hentry"],"_links":{"self":[{"href":"https:\/\/educartenatureza.uab.pt\/es\/wp-json\/wp\/v2\/pages\/952","targetHints":{"allow":["GET"]}}],"collection":[{"href":"https:\/\/educartenatureza.uab.pt\/es\/wp-json\/wp\/v2\/pages"}],"about":[{"href":"https:\/\/educartenatureza.uab.pt\/es\/wp-json\/wp\/v2\/types\/page"}],"author":[{"embeddable":true,"href":"https:\/\/educartenatureza.uab.pt\/es\/wp-json\/wp\/v2\/users\/1"}],"replies":[{"embeddable":true,"href":"https:\/\/educartenatureza.uab.pt\/es\/wp-json\/wp\/v2\/comments?post=952"}],"version-history":[{"count":7,"href":"https:\/\/educartenatureza.uab.pt\/es\/wp-json\/wp\/v2\/pages\/952\/revisions"}],"predecessor-version":[{"id":7072,"href":"https:\/\/educartenatureza.uab.pt\/es\/wp-json\/wp\/v2\/pages\/952\/revisions\/7072"}],"up":[{"embeddable":true,"href":"https:\/\/educartenatureza.uab.pt\/es\/wp-json\/wp\/v2\/pages\/2"}],"wp:attachment":[{"href":"https:\/\/educartenatureza.uab.pt\/es\/wp-json\/wp\/v2\/media?parent=952"}],"curies":[{"name":"wp","href":"https:\/\/api.w.org\/{rel}","templated":true}]}}