{"id":960,"date":"2023-05-17T10:40:41","date_gmt":"2023-05-17T09:40:41","guid":{"rendered":"https:\/\/sites.uab.pt\/educarte-natureza\/?page_id=960"},"modified":"2023-09-05T15:48:45","modified_gmt":"2023-09-05T14:48:45","slug":"programa-scratch","status":"publish","type":"page","link":"https:\/\/educartenatureza.uab.pt\/es\/recursos-pedagogicos\/programa-scratch\/","title":{"rendered":"Programa Scratch"},"content":{"rendered":"\n<div id=\"gbc-f60edb-80\" class=\"wp-block-c3-framew-gutenbergblocks-advancedcontainer gbc gbc-view row-valign-top align-none c3-framew-gutenbergblocks-advancedcontainer\" style=\"background-color:#ffffff\"><div class=\"gbc-background-overlay gbc-background-overlay-normal\" style=\"opacity:0.3\"><\/div><div class=\"gbc-wrapper\" style=\"padding-top:60px;padding-bottom:60px\"><div id=\"gbc-container-gbc-f60edb-80\" class=\"inner-container container\">\n<div style=\"height:30px\" aria-hidden=\"true\" class=\"wp-block-spacer\"><\/div>\n\n\n\n<h1 class=\"wp-block-heading has-text-align-center has-text-color has-huge-font-size\" style=\"color:#591c1c\"><strong>Programa Scratch<\/strong><\/h1>\n\n\n\n<div style=\"height:70px\" aria-hidden=\"true\" class=\"wp-block-spacer\"><\/div>\n\n\n\n<div class=\"wp-block-media-text alignwide is-stacked-on-mobile\"><figure class=\"wp-block-media-text__media\"><img loading=\"lazy\" decoding=\"async\" width=\"800\" height=\"450\" src=\"https:\/\/educartenatureza.uab.pt\/es\/wp-content\/uploads\/sites\/38\/2023\/06\/scratchlogo.webp\" alt=\"\" class=\"wp-image-3515 size-full\" srcset=\"https:\/\/educartenatureza.uab.pt\/es\/wp-content\/uploads\/sites\/38\/2023\/06\/scratchlogo.webp 800w, https:\/\/educartenatureza.uab.pt\/es\/wp-content\/uploads\/sites\/38\/2023\/06\/scratchlogo-300x169.webp 300w, https:\/\/educartenatureza.uab.pt\/es\/wp-content\/uploads\/sites\/38\/2023\/06\/scratchlogo-768x432.webp 768w\" sizes=\"auto, (max-width: 800px) 100vw, 800px\" \/><\/figure><div class=\"wp-block-media-text__content\">\n<p class=\"has-text-color has-medium-font-size\" style=\"color:#591c1c\">Scratch es una plataforma de programaci\u00f3n visual que te permite crear tus propios juegos interactivos, historias animadas y animaciones.<\/p>\n\n\n\n<p class=\"has-text-color has-medium-font-size\" style=\"color:#591c1c\">Con una interfaz intuitiva basada en c\u00f3digos de colores, Scratch hace que la programaci\u00f3n sea accesible y divertida para todos, independientemente de su edad o nivel de experiencia.<\/p>\n\n\n\n<p class=\"has-text-color has-medium-font-size\" style=\"color:#591c1c\">Con Scratch, los usuarios pueden arrastrar y ajustar bloques de c\u00f3digo para crear caracteres, definir sus comportamientos y controlar la interacci\u00f3n entre ellos.<\/p>\n\n\n\n<p class=\"has-text-color has-medium-font-size\" style=\"color:#591c1c\">Puede agregar elementos como movimiento, sonido, animaciones e incluso crear sensores para responder a comandos espec\u00edficos. \u00a1La creatividad es el l\u00edmite!<\/p>\n<\/div><\/div>\n\n\n\n<div style=\"height:40px\" aria-hidden=\"true\" class=\"wp-block-spacer\"><\/div>\n\n\n\n<hr class=\"wp-block-separator has-text-color has-alpha-channel-opacity has-background is-style-default\" style=\"background-color:#41644a;color:#41644a\"\/>\n\n\n\n<div style=\"height:45px\" aria-hidden=\"true\" class=\"wp-block-spacer\"><\/div>\n\n\n\n<h2 class=\"wp-block-heading has-text-align-center has-text-color has-large-font-size\" style=\"color:#41644a\"><strong>Proyecto Educ@rteNatureza<\/strong><\/h2>\n\n\n\n<div style=\"height:45px\" aria-hidden=\"true\" class=\"wp-block-spacer\"><\/div>\n\n\n\n<div class=\"wp-block-columns is-layout-flex wp-container-core-columns-is-layout-9d6595d7 wp-block-columns-is-layout-flex\">\n<div class=\"wp-block-column is-layout-flow wp-block-column-is-layout-flow\" style=\"flex-basis:105px\"><\/div>\n\n\n\n<div class=\"wp-block-column is-layout-flow wp-block-column-is-layout-flow\">\n<p class=\"has-text-align-center has-text-color has-medium-font-size\" style=\"color:#591c1c\">Dentro del alcance de las actividades del proyecto Educ@rteNatureza se encuentra actualmente en fase de ejecuci\u00f3n la construcci\u00f3n de materiales educativos en formato anal\u00f3gico y digital y, en este caso, utilizando el programa Scratch.<\/p>\n\n\n\n<p class=\"has-text-align-center has-text-color has-medium-font-size\" style=\"color:#591c1c\"><br>Estos documentos pedag\u00f3gicos digitalizados a trav\u00e9s del programa Scratch (programa obligatorio en el 1er. Ciclo de Educaci\u00f3n B\u00e1sica) pretenden, de forma l\u00fadica e interactiva, sensibilizar a los ni\u00f1os de 1\u00ba. Ciclo de Educaci\u00f3n B\u00e1sica para la preservaci\u00f3n y conservaci\u00f3n del medio ambiente a trav\u00e9s de la adquisici\u00f3n de conocimientos sobre elementos de los reinos de fauna, flora y hongos presentes en nuestro territorio local y nacional.<\/p>\n\n\n\n<p class=\"has-text-align-center has-text-color has-medium-font-size\" style=\"color:#591c1c\"><br><\/p>\n\n\n\n<p class=\"has-text-align-center has-text-color has-medium-font-size\" style=\"color:#591c1c\">Es un trabajo formado por un equipo multidisciplinario donde se<br>integran especialistas de la Universidad de Coimbra de diferentes \u00e1reas, como Ciencias de la Educaci\u00f3n,<br>Biolog\u00eda y Ecolog\u00eda.<\/p>\n\n\n\n<p class=\"has-text-align-center has-text-color has-medium-font-size\" style=\"color:#591c1c\">.<br><\/p>\n\n\n\n<p class=\"has-text-align-center has-text-color has-medium-font-size\" style=\"color:#591c1c\"><\/p>\n<\/div>\n\n\n\n<div class=\"wp-block-column is-layout-flow wp-block-column-is-layout-flow\" style=\"flex-basis:105px\"><\/div>\n<\/div>\n<\/div><\/div><\/div>\n","protected":false},"excerpt":{"rendered":"","protected":false},"author":1,"featured_media":0,"parent":980,"menu_order":0,"comment_status":"closed","ping_status":"closed","template":"","meta":{"speak2many_translation":"{\"pt-PT\":{\"postID\":null,\"postTitle\":\"\",\"siteID\":36,\"customURL\":true,\"languageInfo\":{\"speak2many_site_api_url\":\"https:\/\/educartenatureza.uab.pt\/wp-json\/\",\"name\":\"Portugu\u00eas\",\"locale\":\"pt_PT_ao90\"},\"langKey\":\"pt-PT\",\"url\":\"https:\/\/educartenatureza.uab.pt\/recursos-pedagogicos\/programa-scratch\/\"},\"es\":{\"url\":\"\",\"postID\":null,\"postTitle\":\"\",\"siteID\":38,\"customURL\":true,\"languageInfo\":{\"name\":\"Espa\u00f1ol\",\"locale\":\"es_ES\"},\"langKey\":\"es\"}}","footnotes":""},"class_list":["post-960","page","type-page","status-publish","hentry"],"_links":{"self":[{"href":"https:\/\/educartenatureza.uab.pt\/es\/wp-json\/wp\/v2\/pages\/960","targetHints":{"allow":["GET"]}}],"collection":[{"href":"https:\/\/educartenatureza.uab.pt\/es\/wp-json\/wp\/v2\/pages"}],"about":[{"href":"https:\/\/educartenatureza.uab.pt\/es\/wp-json\/wp\/v2\/types\/page"}],"author":[{"embeddable":true,"href":"https:\/\/educartenatureza.uab.pt\/es\/wp-json\/wp\/v2\/users\/1"}],"replies":[{"embeddable":true,"href":"https:\/\/educartenatureza.uab.pt\/es\/wp-json\/wp\/v2\/comments?post=960"}],"version-history":[{"count":4,"href":"https:\/\/educartenatureza.uab.pt\/es\/wp-json\/wp\/v2\/pages\/960\/revisions"}],"predecessor-version":[{"id":7073,"href":"https:\/\/educartenatureza.uab.pt\/es\/wp-json\/wp\/v2\/pages\/960\/revisions\/7073"}],"up":[{"embeddable":true,"href":"https:\/\/educartenatureza.uab.pt\/es\/wp-json\/wp\/v2\/pages\/980"}],"wp:attachment":[{"href":"https:\/\/educartenatureza.uab.pt\/es\/wp-json\/wp\/v2\/media?parent=960"}],"curies":[{"name":"wp","href":"https:\/\/api.w.org\/{rel}","templated":true}]}}