{"id":962,"date":"2023-05-17T10:41:04","date_gmt":"2023-05-17T09:41:04","guid":{"rendered":"https:\/\/sites.uab.pt\/educarte-natureza\/?page_id=962"},"modified":"2023-09-05T21:35:52","modified_gmt":"2023-09-05T20:35:52","slug":"coleccion-de-minilibros","status":"publish","type":"page","link":"https:\/\/educartenatureza.uab.pt\/es\/recursos-pedagogicos\/coleccion-de-minilibros\/","title":{"rendered":"Colecci\u00f3n de minilibros"},"content":{"rendered":"\n<div style=\"height:100px\" aria-hidden=\"true\" class=\"wp-block-spacer\"><\/div>\n\n\n\n<p>El proyecto Educ@rteNatureza tiene como objetivo dise\u00f1ar, desarrollar y crear materiales pedag\u00f3gicos en forma de colecci\u00f3n de minilibros con el fin de valorizar el medio natural como escenario de la pr\u00e1ctica pedag\u00f3gica.&nbsp;<\/p>\n\n\n\n<p>Esta colecci\u00f3n de minilibros de orientaci\u00f3n pedag\u00f3gica sobre conocimientos y valores &#8220;naturales&#8221; estar\u00e1 disponible pr\u00f3ximamente.<\/p>\n\n\n\n<p> <\/p>\n\n\n\n<div id=\"gbc-9af5dd-99\" class=\"wp-block-c3-framew-gutenbergblocks-advancedcontainer gbc gbc-view row-valign-top align-full c3-framew-gutenbergblocks-advancedcontainer\" style=\"background-color:#eeeeee\"><div class=\"gbc-background-overlay gbc-background-overlay-normal\" style=\"opacity:0.3\"><\/div><div class=\"gbc-wrapper\" style=\"padding-top:60px;padding-bottom:60px\"><div id=\"gbc-container-gbc-9af5dd-99\" class=\"inner-container container\">\n<div style=\"height:30px\" aria-hidden=\"true\" class=\"wp-block-spacer\"><\/div>\n\n\n\n<h1 class=\"wp-block-heading has-text-align-center has-text-color\" style=\"color:#591c1c\"><strong>Minilibros<\/strong><\/h1>\n\n\n\n<div style=\"height:70px\" aria-hidden=\"true\" class=\"wp-block-spacer\"><\/div>\n\n\n\n    No hay libros para mostrar\n<\/div><\/div><\/div>\n\n\n\n<p><\/p>\n","protected":false},"excerpt":{"rendered":"El proyecto Educ@rteNatureza tiene como objetivo dise\u00f1ar, desarrollar y crear materiales pedag\u00f3gicos en forma de colecci\u00f3n de minilibros con el fin de valorizar el medio natural como escenario de la pr\u00e1ctica pedag\u00f3gica.&nbsp; Esta colecci\u00f3n de minilibros de orientaci\u00f3n pedag\u00f3gica sobre conocimientos y valores &#8220;naturales&#8221; estar\u00e1 disponible pr\u00f3ximamente.","protected":false},"author":1,"featured_media":0,"parent":980,"menu_order":0,"comment_status":"closed","ping_status":"closed","template":"","meta":{"speak2many_translation":"{\"pt-PT\":{\"postID\":null,\"postTitle\":\"\",\"siteID\":36,\"customURL\":true,\"languageInfo\":{\"speak2many_site_api_url\":\"https:\/\/educartenatureza.uab.pt\/wp-json\/\",\"name\":\"Portugu\u00eas\",\"locale\":\"pt_PT_ao90\"},\"langKey\":\"pt-PT\",\"url\":\"https:\/\/educartenatureza.uab.pt\/recursos-pedagogicos\/colecao-mini-livros\/\"},\"es\":{\"url\":\"\",\"postID\":null,\"postTitle\":\"\",\"siteID\":38,\"customURL\":true,\"languageInfo\":{\"name\":\"Espa\u00f1ol\",\"locale\":\"es_ES\"},\"langKey\":\"es\"}}","footnotes":""},"class_list":["post-962","page","type-page","status-publish","hentry"],"_links":{"self":[{"href":"https:\/\/educartenatureza.uab.pt\/es\/wp-json\/wp\/v2\/pages\/962","targetHints":{"allow":["GET"]}}],"collection":[{"href":"https:\/\/educartenatureza.uab.pt\/es\/wp-json\/wp\/v2\/pages"}],"about":[{"href":"https:\/\/educartenatureza.uab.pt\/es\/wp-json\/wp\/v2\/types\/page"}],"author":[{"embeddable":true,"href":"https:\/\/educartenatureza.uab.pt\/es\/wp-json\/wp\/v2\/users\/1"}],"replies":[{"embeddable":true,"href":"https:\/\/educartenatureza.uab.pt\/es\/wp-json\/wp\/v2\/comments?post=962"}],"version-history":[{"count":3,"href":"https:\/\/educartenatureza.uab.pt\/es\/wp-json\/wp\/v2\/pages\/962\/revisions"}],"predecessor-version":[{"id":7163,"href":"https:\/\/educartenatureza.uab.pt\/es\/wp-json\/wp\/v2\/pages\/962\/revisions\/7163"}],"up":[{"embeddable":true,"href":"https:\/\/educartenatureza.uab.pt\/es\/wp-json\/wp\/v2\/pages\/980"}],"wp:attachment":[{"href":"https:\/\/educartenatureza.uab.pt\/es\/wp-json\/wp\/v2\/media?parent=962"}],"curies":[{"name":"wp","href":"https:\/\/api.w.org\/{rel}","templated":true}]}}