{"id":964,"date":"2023-05-17T10:41:30","date_gmt":"2023-05-17T09:41:30","guid":{"rendered":"https:\/\/sites.uab.pt\/educarte-natureza\/?page_id=964"},"modified":"2023-09-04T17:52:55","modified_gmt":"2023-09-04T16:52:55","slug":"outros-ficheiros-pedagogicos","status":"publish","type":"page","link":"https:\/\/educartenatureza.uab.pt\/es\/recursos-pedagogicos\/outros-ficheiros-pedagogicos\/","title":{"rendered":"Outros ficheiros pedag\u00f3gicos"},"content":{"rendered":"\n<div id=\"gbc-4d34c4-35\" class=\"wp-block-c3-framew-gutenbergblocks-advancedcontainer gbc gbc-view row-valign-top align-full c3-framew-gutenbergblocks-advancedcontainer\" style=\"background-color:#ffffff\"><div class=\"gbc-background-overlay gbc-background-overlay-normal\"><\/div><div class=\"gbc-wrapper\" style=\"padding-top:60px;padding-bottom:60px\"><div id=\"gbc-container-gbc-4d34c4-35\" class=\"inner-container container\">\n<div style=\"height:30px\" aria-hidden=\"true\" class=\"wp-block-spacer\"><\/div>\n\n\n\n<h1 class=\"wp-block-heading has-text-align-center has-text-color\" style=\"color:#591c1c\"><strong>Outros ficheiros pedag\u00f3gicos<\/strong><\/h1>\n\n\n\n<div style=\"height:70px\" aria-hidden=\"true\" class=\"wp-block-spacer\"><\/div>\n\n\n\n    <div class=\"files-list\">\n        <ul aria-label=\"Lista de filmes\" class=\"row justify-content-center list-unstyled\">\n                            <li class=\"align-items-center col-20 col-lg-6 d-flex flex-column px-lg-6 py-6\">\n                    <div class=\"row\">\n                        <div class=\"col-md-6\">\n                            <div class=\"file-photo\">\n                                <div class=\"file-name\" style=\"color: #41644A; margin-bottom: 20px\">Facebook<\/div>\n                                                                                                        <img decoding=\"async\" src=\"https:\/\/educartenatureza.uab.pt\/es\/wp-content\/uploads\/sites\/38\/2023\/06\/Facebook_Logo_2019.png\" width=\"1024\" height=\"1024\" class=\"attachment-full size-full img-fluid\" alt=\"\" srcset=\"https:\/\/educartenatureza.uab.pt\/es\/wp-content\/uploads\/sites\/38\/2023\/06\/Facebook_Logo_2019.png 1024w, https:\/\/educartenatureza.uab.pt\/es\/wp-content\/uploads\/sites\/38\/2023\/06\/Facebook_Logo_2019-300x300.png 300w, https:\/\/educartenatureza.uab.pt\/es\/wp-content\/uploads\/sites\/38\/2023\/06\/Facebook_Logo_2019-150x150.png 150w, https:\/\/educartenatureza.uab.pt\/es\/wp-content\/uploads\/sites\/38\/2023\/06\/Facebook_Logo_2019-768x768.png 768w\" sizes=\"auto, (max-width: 1024px) 100vw, 1024px\" class=\"img-fluid\" loading=\"lazy\">\n                                                            <\/div>\n                        <\/div>\n                        <div class=\"col-md-6 file-details\">\n                            <div class=\"file-excerpt file-excerpt-large\" style=\"font-size: 16px; margin-top: 35px\">O Facebook \u00e9 uma rede social, criada por Mark Zuckerberg em 2004, sendo uma das maiores e mais antigas, servindo de inspira\u00e7\u00e3o para v\u00e1rias outras redes sociais que vieram depois<\/div>\n                            <br>\n\t\t\t\t\t\t\t<div class=\"divDownload\" style=\"color: #2c6e49;\"> Download: <\/div>\n                            <a href=\"https:\/\/www.facebook.com\/download\">\n                               <div class=\"file-link\">https:\/\/www.facebook.com\/download<\/div>\n                            <\/a>\n                        <\/div>\n                    <\/div>\n                <\/li>\n                            <li class=\"align-items-center col-20 col-lg-6 d-flex flex-column px-lg-6 py-6\">\n                    <div class=\"row\">\n                        <div class=\"col-md-6\">\n                            <div class=\"file-photo\">\n                                <div class=\"file-name\" style=\"color: #41644A; margin-bottom: 20px\">Instagram<\/div>\n                                                                                                        <img decoding=\"async\" src=\"https:\/\/educartenatureza.uab.pt\/es\/wp-content\/uploads\/sites\/38\/2023\/06\/instagram-icon-512x512-ggh8x3cn.png\" width=\"512\" height=\"512\" class=\"attachment-full size-full img-fluid\" alt=\"\" srcset=\"https:\/\/educartenatureza.uab.pt\/es\/wp-content\/uploads\/sites\/38\/2023\/06\/instagram-icon-512x512-ggh8x3cn.png 512w, https:\/\/educartenatureza.uab.pt\/es\/wp-content\/uploads\/sites\/38\/2023\/06\/instagram-icon-512x512-ggh8x3cn-300x300.png 300w, https:\/\/educartenatureza.uab.pt\/es\/wp-content\/uploads\/sites\/38\/2023\/06\/instagram-icon-512x512-ggh8x3cn-150x150.png 150w\" sizes=\"auto, (max-width: 512px) 100vw, 512px\" class=\"img-fluid\" loading=\"lazy\">\n                                                            <\/div>\n                        <\/div>\n                        <div class=\"col-md-6 file-details\">\n                            <div class=\"file-excerpt file-excerpt-large\" style=\"font-size: 16px; margin-top: 35px\">O Instagram \u00e9 uma rede social online de compartilhamento de fotos e v\u00eddeos entre seus usu\u00e1rios, que permite aplicar filtros digitais e compartilh\u00e1-los em uma variedade de servi\u00e7os de redes sociais, como Facebook, Twitter, Tumblr e Flickr.<\/div>\n                            <br>\n\t\t\t\t\t\t\t<div class=\"divDownload\" style=\"color: #2c6e49;\"> Download: <\/div>\n                            <a href=\"https:\/\/www.instagram.com\/\">\n                               <div class=\"file-link\">https:\/\/www.instagram.com\/<\/div>\n                            <\/a>\n                        <\/div>\n                    <\/div>\n                <\/li>\n                            <li class=\"align-items-center col-20 col-lg-6 d-flex flex-column px-lg-6 py-6\">\n                    <div class=\"row\">\n                        <div class=\"col-md-6\">\n                            <div class=\"file-photo\">\n                                <div class=\"file-name\" style=\"color: #41644A; margin-bottom: 20px\">Microsoft Teams<\/div>\n                                                                                                        <img decoding=\"async\" src=\"https:\/\/educartenatureza.uab.pt\/es\/wp-content\/uploads\/sites\/38\/2023\/06\/Microsoft-Teams-Logo.png\" width=\"3840\" height=\"2160\" class=\"attachment-full size-full img-fluid\" alt=\"\" srcset=\"https:\/\/educartenatureza.uab.pt\/es\/wp-content\/uploads\/sites\/38\/2023\/06\/Microsoft-Teams-Logo.png 3840w, https:\/\/educartenatureza.uab.pt\/es\/wp-content\/uploads\/sites\/38\/2023\/06\/Microsoft-Teams-Logo-300x169.png 300w, https:\/\/educartenatureza.uab.pt\/es\/wp-content\/uploads\/sites\/38\/2023\/06\/Microsoft-Teams-Logo-1024x576.png 1024w, https:\/\/educartenatureza.uab.pt\/es\/wp-content\/uploads\/sites\/38\/2023\/06\/Microsoft-Teams-Logo-768x432.png 768w, https:\/\/educartenatureza.uab.pt\/es\/wp-content\/uploads\/sites\/38\/2023\/06\/Microsoft-Teams-Logo-1536x864.png 1536w, https:\/\/educartenatureza.uab.pt\/es\/wp-content\/uploads\/sites\/38\/2023\/06\/Microsoft-Teams-Logo-2048x1152.png 2048w\" sizes=\"auto, (max-width: 3840px) 100vw, 3840px\" class=\"img-fluid\" loading=\"lazy\">\n                                                            <\/div>\n                        <\/div>\n                        <div class=\"col-md-6 file-details\">\n                            <div class=\"file-excerpt file-excerpt-large\" style=\"font-size: 16px; margin-top: 35px\">Microsoft Teams \u00e9 uma plataforma unificada de comunica\u00e7\u00e3o e colabora\u00e7\u00e3o que combina bate-papo, videoconfer\u00eancias, armazenamento de arquivos e integra\u00e7\u00e3o de aplicativos no local de trabalho.<\/div>\n                            <br>\n\t\t\t\t\t\t\t<div class=\"divDownload\" style=\"color: #2c6e49;\"> Download: <\/div>\n                            <a href=\"https:\/\/www.microsoft.com\/pt-pt\/microsoft-teams\">\n                               <div class=\"file-link\">https:\/\/www.microsoft.com\/pt-pt\/microsoft-teams<\/div>\n                            <\/a>\n                        <\/div>\n                    <\/div>\n                <\/li>\n                            <li class=\"align-items-center col-20 col-lg-6 d-flex flex-column px-lg-6 py-6\">\n                    <div class=\"row\">\n                        <div class=\"col-md-6\">\n                            <div class=\"file-photo\">\n                                <div class=\"file-name\" style=\"color: #41644A; margin-bottom: 20px\">WhatsApp<\/div>\n                                                                                                        <img decoding=\"async\" src=\"https:\/\/educartenatureza.uab.pt\/es\/wp-content\/uploads\/sites\/38\/2023\/06\/wpplogo.png\" width=\"2044\" height=\"2056\" class=\"attachment-full size-full img-fluid\" alt=\"\" srcset=\"https:\/\/educartenatureza.uab.pt\/es\/wp-content\/uploads\/sites\/38\/2023\/06\/wpplogo.png 2044w, https:\/\/educartenatureza.uab.pt\/es\/wp-content\/uploads\/sites\/38\/2023\/06\/wpplogo-298x300.png 298w, https:\/\/educartenatureza.uab.pt\/es\/wp-content\/uploads\/sites\/38\/2023\/06\/wpplogo-1018x1024.png 1018w, https:\/\/educartenatureza.uab.pt\/es\/wp-content\/uploads\/sites\/38\/2023\/06\/wpplogo-150x150.png 150w, https:\/\/educartenatureza.uab.pt\/es\/wp-content\/uploads\/sites\/38\/2023\/06\/wpplogo-768x773.png 768w, https:\/\/educartenatureza.uab.pt\/es\/wp-content\/uploads\/sites\/38\/2023\/06\/wpplogo-1527x1536.png 1527w, https:\/\/educartenatureza.uab.pt\/es\/wp-content\/uploads\/sites\/38\/2023\/06\/wpplogo-2036x2048.png 2036w\" sizes=\"auto, (max-width: 2044px) 100vw, 2044px\" class=\"img-fluid\" loading=\"lazy\">\n                                                            <\/div>\n                        <\/div>\n                        <div class=\"col-md-6 file-details\">\n                            <div class=\"file-excerpt file-excerpt-large\" style=\"font-size: 16px; margin-top: 35px\">O\u00a0WhatsApp Messenger\u00a0ou simplesmente\u00a0WhatsApp\u00a0 \u00e9 uma aplica\u00e7\u00e3o de mensagens instant\u00e2neas para\u00a0smartphones\u00a0que permite comunicar com os seus contactos, atrav\u00e9s de mensagens escritas, mensagens de voz, ou ainda atrav\u00e9s de telefonemas.<\/div>\n                            <br>\n\t\t\t\t\t\t\t<div class=\"divDownload\" style=\"color: #2c6e49;\"> Download: <\/div>\n                            <a href=\"https:\/\/www.whatsapp.com\/download\">\n                               <div class=\"file-link\">https:\/\/www.whatsapp.com\/download<\/div>\n                            <\/a>\n                        <\/div>\n                    <\/div>\n                <\/li>\n                    <\/ul>\n    <\/div>\n<\/div><\/div><\/div>\n","protected":false},"excerpt":{"rendered":"","protected":false},"author":1,"featured_media":0,"parent":980,"menu_order":0,"comment_status":"closed","ping_status":"closed","template":"","meta":{"speak2many_translation":"","footnotes":""},"class_list":["post-964","page","type-page","status-publish","hentry"],"_links":{"self":[{"href":"https:\/\/educartenatureza.uab.pt\/es\/wp-json\/wp\/v2\/pages\/964","targetHints":{"allow":["GET"]}}],"collection":[{"href":"https:\/\/educartenatureza.uab.pt\/es\/wp-json\/wp\/v2\/pages"}],"about":[{"href":"https:\/\/educartenatureza.uab.pt\/es\/wp-json\/wp\/v2\/types\/page"}],"author":[{"embeddable":true,"href":"https:\/\/educartenatureza.uab.pt\/es\/wp-json\/wp\/v2\/users\/1"}],"replies":[{"embeddable":true,"href":"https:\/\/educartenatureza.uab.pt\/es\/wp-json\/wp\/v2\/comments?post=964"}],"version-history":[{"count":1,"href":"https:\/\/educartenatureza.uab.pt\/es\/wp-json\/wp\/v2\/pages\/964\/revisions"}],"predecessor-version":[{"id":6807,"href":"https:\/\/educartenatureza.uab.pt\/es\/wp-json\/wp\/v2\/pages\/964\/revisions\/6807"}],"up":[{"embeddable":true,"href":"https:\/\/educartenatureza.uab.pt\/es\/wp-json\/wp\/v2\/pages\/980"}],"wp:attachment":[{"href":"https:\/\/educartenatureza.uab.pt\/es\/wp-json\/wp\/v2\/media?parent=964"}],"curies":[{"name":"wp","href":"https:\/\/api.w.org\/{rel}","templated":true}]}}