{"id":970,"date":"2023-05-17T10:43:57","date_gmt":"2023-05-17T09:43:57","guid":{"rendered":"https:\/\/sites.uab.pt\/educarte-natureza\/?page_id=970"},"modified":"2024-01-31T16:33:02","modified_gmt":"2024-01-31T16:33:02","slug":"contactos","status":"publish","type":"page","link":"https:\/\/educartenatureza.uab.pt\/es\/contactos\/","title":{"rendered":"Contactos"},"content":{"rendered":"\n<div id=\"gbc-15ed0c-8e\" class=\"wp-block-c3-framew-gutenbergblocks-advancedcontainer gbc gbc-view row-valign-top align-full c3-framew-gutenbergblocks-advancedcontainer\" style=\"min-height:500px\"><div class=\"gbc-background\" style=\"background-image:url(https:\/\/educartenatureza.uab.pt\/es\/wp-content\/uploads\/sites\/38\/2023\/07\/jovem-mulher-com-modelo-de-smartphone-na-natureza-1-scaled-1.jpg);background-size:cover;background-position:center center;background-repeat:no-repeat;background-attachment:scroll\"><\/div><div class=\"gbc-background-overlay gbc-background-overlay-normal\" style=\"opacity:0.3\"><\/div><div class=\"gbc-wrapper\" style=\"padding-top:0;padding-bottom:0\"><div id=\"gbc-container-gbc-15ed0c-8e\" class=\"inner-container\">\n<p><\/p>\n<\/div><\/div><\/div>\n\n\n\n<div id=\"gbc-246161-1f\" class=\"wp-block-c3-framew-gutenbergblocks-advancedcontainer gbc gbc-view row-valign-top align-full c3-framew-gutenbergblocks-advancedcontainer\" style=\"background-color:#e9ecef\"><div class=\"gbc-background-overlay gbc-background-overlay-normal\" style=\"opacity:0.3\"><\/div><div class=\"gbc-wrapper\" style=\"padding-top:20px;padding-bottom:60px\"><div id=\"gbc-container-gbc-246161-1f\" class=\"inner-container container\">\n<h1 class=\"wp-block-heading\">Contactos<\/h1>\n\n\n\n<div style=\"height:20px\" aria-hidden=\"true\" class=\"wp-block-spacer\"><\/div>\n\n\n\n<p>Estamos totalmente disponibles para responder a todas sus preguntas, proporcionar informaci\u00f3n adicional o ayudar en cualquier otra pregunta relacionada con el proyecto Educ@rteNatureza.<\/p>\n\n\n\n<p>Gracias de antemano por la oportunidad y el inter\u00e9s. Estamos aqu\u00ed para servirle y proporcionarle toda la informaci\u00f3n necesaria para que pueda participar plenamente en nuestros servicios y eventos.<\/p>\n\n\n\n<p>Para ponerse en contacto con nosotros, utilice una de las siguientes direcciones de correo electr\u00f3nico:<\/p>\n\n\n\n<p><strong>Correo electr\u00f3nico do projeto:<\/strong> educartenatureza@gmail.com<\/p>\n\n\n\n<p><strong>Teresa Pessoa<\/strong> : tpessoa@fpce.uc.pt<\/p>\n\n\n\n<p><strong>S\u00f3nia Valente<\/strong> : CLA.Cantanhede@uab.pt<\/p>\n\n\n\n<p><strong>Teresa Paix\u00e3o<\/strong> : tpaixao@cm-cantanhede.pt<\/p>\n\n\n\n<p class=\"has-text-color has-medium-font-size\" style=\"color:#591c1c\"><\/p>\n\n\n\n<p class=\"has-text-align-right has-text-color has-normal-font-size\" style=\"color:#591c1c\"><\/p>\n<\/div><\/div><\/div>\n","protected":false},"excerpt":{"rendered":"","protected":false},"author":1,"featured_media":0,"parent":0,"menu_order":60,"comment_status":"closed","ping_status":"closed","template":"themetemplates_front-page","meta":{"speak2many_translation":"{\"pt-PT\":{\"postID\":null,\"postTitle\":\"\",\"siteID\":36,\"customURL\":true,\"languageInfo\":{\"speak2many_site_api_url\":\"https:\/\/educartenatureza.uab.pt\/wp-json\/\",\"name\":\"Portugu\u00eas\",\"locale\":\"pt_PT_ao90\"},\"langKey\":\"pt-PT\",\"url\":\"https:\/\/educartenatureza.uab.pt\/contactos\/\"},\"es\":{\"url\":\"\",\"postID\":null,\"postTitle\":\"\",\"siteID\":38,\"customURL\":true,\"languageInfo\":{\"name\":\"Espa\u00f1ol\",\"locale\":\"es_ES\"},\"langKey\":\"es\"}}","footnotes":""},"class_list":["post-970","page","type-page","status-publish","hentry"],"_links":{"self":[{"href":"https:\/\/educartenatureza.uab.pt\/es\/wp-json\/wp\/v2\/pages\/970","targetHints":{"allow":["GET"]}}],"collection":[{"href":"https:\/\/educartenatureza.uab.pt\/es\/wp-json\/wp\/v2\/pages"}],"about":[{"href":"https:\/\/educartenatureza.uab.pt\/es\/wp-json\/wp\/v2\/types\/page"}],"author":[{"embeddable":true,"href":"https:\/\/educartenatureza.uab.pt\/es\/wp-json\/wp\/v2\/users\/1"}],"replies":[{"embeddable":true,"href":"https:\/\/educartenatureza.uab.pt\/es\/wp-json\/wp\/v2\/comments?post=970"}],"version-history":[{"count":3,"href":"https:\/\/educartenatureza.uab.pt\/es\/wp-json\/wp\/v2\/pages\/970\/revisions"}],"predecessor-version":[{"id":7308,"href":"https:\/\/educartenatureza.uab.pt\/es\/wp-json\/wp\/v2\/pages\/970\/revisions\/7308"}],"wp:attachment":[{"href":"https:\/\/educartenatureza.uab.pt\/es\/wp-json\/wp\/v2\/media?parent=970"}],"curies":[{"name":"wp","href":"https:\/\/api.w.org\/{rel}","templated":true}]}}