{"id":978,"date":"2023-05-17T10:58:11","date_gmt":"2023-05-17T09:58:11","guid":{"rendered":"https:\/\/sites.uab.pt\/educarte-natureza\/?page_id=978"},"modified":"2023-09-05T00:37:59","modified_gmt":"2023-09-04T23:37:59","slug":"reuniones-y-talleres","status":"publish","type":"page","link":"https:\/\/educartenatureza.uab.pt\/es\/reuniones-y-talleres\/","title":{"rendered":"Reuniones y Talleres"},"content":{"rendered":"\n<div id=\"gbc-bd4106-c8\" class=\"wp-block-c3-framew-gutenbergblocks-advancedcontainer gbc gbc-view row-valign-top align-full c3-framew-gutenbergblocks-advancedcontainer\"><div class=\"gbc-background-overlay gbc-background-overlay-normal\" style=\"opacity:0.3\"><\/div><div class=\"gbc-wrapper\" style=\"padding-top:100px;padding-bottom:0px\"><div id=\"gbc-container-gbc-bd4106-c8\" class=\"inner-container container\">\n<h1 class=\"wp-block-heading alignfull has-text-align-center has-text-color\" style=\"color:#591c1c\"><strong>Encuentros formativos<\/strong><\/h1>\n\n\n\n<div style=\"height:20px\" aria-hidden=\"true\" class=\"wp-block-spacer\"><\/div>\n\n\n\n<p class=\"has-text-color has-medium-font-size\" style=\"color:#591c1c\">Los Encuentros Formativos Educ@rte Naturaleza ofrecen una oportunidad \u00fanica de aprendizaje y capacitaci\u00f3n para aquellos interesados en profundizar su conocimiento de la naturaleza, la conservaci\u00f3n del medio ambiente y la sostenibilidad.<br>Nuestras reuniones est\u00e1n dise\u00f1adas para proporcionar una experiencia enriquecedora, combinando teor\u00eda y pr\u00e1ctica, y promoviendo la conciencia y el compromiso con el medio ambiente.<\/p>\n\n\n\n<div style=\"height:20px\" aria-hidden=\"true\" class=\"wp-block-spacer\"><\/div>\n\n\n\n<div id=\"gba_bdf045-ee\" class=\"wp-block-c3-framew-gutenbergblocks-accordionblock gba gba-view gba_bdf045-ee c3-framew-gutenbergblocks-accordionblock\">\n<div id=\"gba-pane_5129b6-ef\" class=\"wp-block-c3-framew-gutenbergblocks-accordionblock-pane gba-pane gba-pane-save gba-pane_5129b6-ef c3-framew-gutenbergblocks-accordionblock-pane\"><div class=\"card\"><div class=\"card-header\" id=\"gba-pane-heading_5129b6-ef\"><div class=\"mb-0\"><button class=\"btn btn-link gba-expanded\" type=\"button\" aria-controls=\"gba-pane-collapse_5129b6-ef\" aria-expanded=\"true\"><span class=\"gba-pane-title\">Reuniones actuales<\/span><\/button><\/div><\/div><div id=\"gba-pane-collapse_5129b6-ef\" class=\"panel-content show\" aria-labelledby=\"gba-pane-heading_5129b6-ef\" data-parent=\"#gba_bdf045-ee\"><div class=\"card-body\">\n\n\tSin eventos para mostrar\n<\/div><\/div><\/div><\/div>\n<\/div>\n\n\n\n<div style=\"height:15px\" aria-hidden=\"true\" class=\"wp-block-spacer\"><\/div>\n\n\n\n<div id=\"gba_0a5b60-5c\" class=\"wp-block-c3-framew-gutenbergblocks-accordionblock gba gba-view gba_0a5b60-5c c3-framew-gutenbergblocks-accordionblock\">\n<div id=\"gba-pane_4682f6-67\" class=\"wp-block-c3-framew-gutenbergblocks-accordionblock-pane gba-pane gba-pane-save gba-pane_4682f6-67 c3-framew-gutenbergblocks-accordionblock-pane\"><div class=\"card\"><div class=\"card-header\" id=\"gba-pane-heading_4682f6-67\"><div class=\"mb-0\"><button class=\"btn btn-link gba-collapsed\" type=\"button\" aria-controls=\"gba-pane-collapse_4682f6-67\" aria-expanded=\"false\"><span class=\"gba-pane-title\">Reuniones anteriores<\/span><\/button><\/div><\/div><div id=\"gba-pane-collapse_4682f6-67\" class=\"panel-content hide\" aria-labelledby=\"gba-pane-heading_4682f6-67\" data-parent=\"#gba_0a5b60-5c\"><div class=\"card-body\">\n\n\t<div class=\"encontros-formativos\">\n\t\t<ul aria-label=\"Lista de encontros formativos\" class=\"row justify-content-center list-unstyled\">\n\t\t\t\t\t\t\t\t\t\t<li class=\"align-items-center col-20 col-lg-6 d-flex flex-column px-lg-6 py-6\">\n\t\t\t\t\t<a style=\"text-decoration:none\" href=\"https:\/\/educartenatureza.uab.pt\/es\/evento\/as-raizes-i-encontro-educartenatureza\/\">\n\t\t\t\t\t<div class=\"encontro-nome\">As ra\u00edzes &#8211; I Encontro Educ@rteNatureza<\/div>\n\t\t\t\t\t\t<div class=\"encontro-estado\">\n\t\t\t\t\t\t\t\t\t\t\t\t\t\t\t\t\t<div class=\"encontro-data-evento\">06-07-2023 &#8211; 06-07-2023<\/div>\n\t\t\t\t\t<\/div>\n\t\t\t\t\t<div class=\"encontro-imagem\">\n\t\t\t\t\t\t\t\t\t\t\t\t\t\t\t\t\t\t\t\t<img decoding=\"async\" src=\"https:\/\/educartenatureza.uab.pt\/es\/wp-content\/uploads\/sites\/38\/2023\/07\/Cartaz-As-raizes.png\" width=\"2000\" height=\"1414\" class=\"attachment-full size-full img-fluid\" alt=\"Programa I Encontro - As ra\u00edzes\" srcset=\"https:\/\/educartenatureza.uab.pt\/es\/wp-content\/uploads\/sites\/38\/2023\/07\/Cartaz-As-raizes.png 2000w, https:\/\/educartenatureza.uab.pt\/es\/wp-content\/uploads\/sites\/38\/2023\/07\/Cartaz-As-raizes-300x212.png 300w, https:\/\/educartenatureza.uab.pt\/es\/wp-content\/uploads\/sites\/38\/2023\/07\/Cartaz-As-raizes-1024x724.png 1024w, https:\/\/educartenatureza.uab.pt\/es\/wp-content\/uploads\/sites\/38\/2023\/07\/Cartaz-As-raizes-768x543.png 768w, https:\/\/educartenatureza.uab.pt\/es\/wp-content\/uploads\/sites\/38\/2023\/07\/Cartaz-As-raizes-1536x1086.png 1536w\" sizes=\"auto, (max-width: 2000px) 100vw, 2000px\" class=\"img-fluid\" loading=\"lazy\">\n\t\t\t\t\t\t\t\t\t\t\t<\/div>\n\t\t\t\t\t<\/a>\n\t\t\t\t\t<div class=\"encontro-excerto\"><\/div>\n\t\t\t\t<\/li>\n\t\t\t\t\t\t\t\t\t\t<li class=\"align-items-center col-20 col-lg-6 d-flex flex-column px-lg-6 py-6\">\n\t\t\t\t\t<a style=\"text-decoration:none\" href=\"https:\/\/educartenatureza.uab.pt\/es\/evento\/o-tronco-ii-encontro-educartenatureza\/\">\n\t\t\t\t\t<div class=\"encontro-nome\">O tronco &#8211; II Encontro Educ@rteNatureza<\/div>\n\t\t\t\t\t\t<div class=\"encontro-estado\">\n\t\t\t\t\t\t\t\t\t\t\t\t\t\t\t\t\t<div class=\"encontro-data-evento\">06-09-2023 &#8211; 06-09-2023<\/div>\n\t\t\t\t\t<\/div>\n\t\t\t\t\t<div class=\"encontro-imagem\">\n\t\t\t\t\t\t\t\t\t\t\t\t\t\t\t\t\t\t\t\t<img decoding=\"async\" src=\"https:\/\/educartenatureza.uab.pt\/es\/wp-content\/uploads\/sites\/38\/2023\/09\/Copia-de-Cartaz_-Encontro-Tronco.png\" width=\"2000\" height=\"1414\" class=\"attachment-full size-full img-fluid\" alt=\"II Encontro EducarteNatureza, O Tronco\" srcset=\"https:\/\/educartenatureza.uab.pt\/es\/wp-content\/uploads\/sites\/38\/2023\/09\/Copia-de-Cartaz_-Encontro-Tronco.png 2000w, https:\/\/educartenatureza.uab.pt\/es\/wp-content\/uploads\/sites\/38\/2023\/09\/Copia-de-Cartaz_-Encontro-Tronco-300x212.png 300w, https:\/\/educartenatureza.uab.pt\/es\/wp-content\/uploads\/sites\/38\/2023\/09\/Copia-de-Cartaz_-Encontro-Tronco-1024x724.png 1024w, https:\/\/educartenatureza.uab.pt\/es\/wp-content\/uploads\/sites\/38\/2023\/09\/Copia-de-Cartaz_-Encontro-Tronco-768x543.png 768w, https:\/\/educartenatureza.uab.pt\/es\/wp-content\/uploads\/sites\/38\/2023\/09\/Copia-de-Cartaz_-Encontro-Tronco-1536x1086.png 1536w\" sizes=\"auto, (max-width: 2000px) 100vw, 2000px\" class=\"img-fluid\" loading=\"lazy\">\n\t\t\t\t\t\t\t\t\t\t\t<\/div>\n\t\t\t\t\t<\/a>\n\t\t\t\t\t<div class=\"encontro-excerto\"><\/div>\n\t\t\t\t<\/li>\n\t\t\t\t\t\t\t\t\t\t<li class=\"align-items-center col-20 col-lg-6 d-flex flex-column px-lg-6 py-6\">\n\t\t\t\t\t<a style=\"text-decoration:none\" href=\"https:\/\/educartenatureza.uab.pt\/es\/evento\/encuentro-descola-construcao-de-uma-comunidade-aprendente\/\">\n\t\t\t\t\t<div class=\"encontro-nome\">Encuentro &#8220;(D)Escola: constru\u00e7\u00e3o de uma comunidade aprendente&#8221;<\/div>\n\t\t\t\t\t\t<div class=\"encontro-estado\">\n\t\t\t\t\t\t\t\t\t\t\t\t\t\t\t\t\t<div class=\"encontro-data-evento\">22-02-2024 &#8211; 22-02-2024<\/div>\n\t\t\t\t\t<\/div>\n\t\t\t\t\t<div class=\"encontro-imagem\">\n\t\t\t\t\t\t\t\t\t\t\t\t\t\t\t\t\t\t\t\t<img decoding=\"async\" src=\"https:\/\/educartenatureza.uab.pt\/es\/wp-content\/uploads\/sites\/38\/2024\/01\/Cartaz_Encontro-DEscola-construcao-de-uma-comunidade-aprendente.jpg\" width=\"2000\" height=\"1414\" class=\"attachment-full size-full img-fluid\" alt=\"\" srcset=\"https:\/\/educartenatureza.uab.pt\/es\/wp-content\/uploads\/sites\/38\/2024\/01\/Cartaz_Encontro-DEscola-construcao-de-uma-comunidade-aprendente.jpg 2000w, https:\/\/educartenatureza.uab.pt\/es\/wp-content\/uploads\/sites\/38\/2024\/01\/Cartaz_Encontro-DEscola-construcao-de-uma-comunidade-aprendente-300x212.jpg 300w, https:\/\/educartenatureza.uab.pt\/es\/wp-content\/uploads\/sites\/38\/2024\/01\/Cartaz_Encontro-DEscola-construcao-de-uma-comunidade-aprendente-1024x724.jpg 1024w, https:\/\/educartenatureza.uab.pt\/es\/wp-content\/uploads\/sites\/38\/2024\/01\/Cartaz_Encontro-DEscola-construcao-de-uma-comunidade-aprendente-768x543.jpg 768w, https:\/\/educartenatureza.uab.pt\/es\/wp-content\/uploads\/sites\/38\/2024\/01\/Cartaz_Encontro-DEscola-construcao-de-uma-comunidade-aprendente-1536x1086.jpg 1536w\" sizes=\"auto, (max-width: 2000px) 100vw, 2000px\" class=\"img-fluid\" loading=\"lazy\">\n\t\t\t\t\t\t\t\t\t\t\t<\/div>\n\t\t\t\t\t<\/a>\n\t\t\t\t\t<div class=\"encontro-excerto\"><\/div>\n\t\t\t\t<\/li>\n\t\t\t\t\t<\/ul>\n\t<\/div>\n<\/div><\/div><\/div><\/div>\n<\/div>\n<\/div><\/div><\/div>\n\n\n\n<div id=\"gbc-bd4106-c8\" class=\"wp-block-c3-framew-gutenbergblocks-advancedcontainer gbc gbc-view row-valign-top align-full c3-framew-gutenbergblocks-advancedcontainer\"><div class=\"gbc-background-overlay gbc-background-overlay-normal\" style=\"opacity:0.3\"><\/div><div class=\"gbc-wrapper\" style=\"padding-top:100px;padding-bottom:0px\"><div id=\"gbc-container-gbc-bd4106-c8\" class=\"inner-container container\">\n<h1 class=\"wp-block-heading alignfull has-text-align-center has-text-color\" style=\"color:#591c1c\"><strong>Talleres formativos<\/strong><\/h1>\n\n\n\n<div style=\"height:20px\" aria-hidden=\"true\" class=\"wp-block-spacer\"><\/div>\n\n\n\n<p class=\"has-text-align-left has-text-color has-medium-font-size\" style=\"color:#591c1c\">Educ@rte Talleres Formativos de la Naturaleza ofrecen oportunidades \u00fanicas para el aprendizaje pr\u00e1ctico e inmersivo, proporcionando conocimientos y habilidades para promover la sostenibilidad, la conservaci\u00f3n del medio ambiente y la conexi\u00f3n con la naturaleza. Nuestros talleres est\u00e1n dise\u00f1ados para personas de todas las edades, desde estudiantes hasta profesionales, y est\u00e1n dirigidos por facilitadores especializados en el campo de la educaci\u00f3n ambiental.<\/p>\n\n\n\n<div style=\"height:20px\" aria-hidden=\"true\" class=\"wp-block-spacer\"><\/div>\n\n\n\n<div id=\"gba_553a78-c4\" class=\"wp-block-c3-framew-gutenbergblocks-accordionblock gba gba-view gba_553a78-c4 c3-framew-gutenbergblocks-accordionblock\">\n<div id=\"gba-pane_f040a5-ab\" class=\"wp-block-c3-framew-gutenbergblocks-accordionblock-pane gba-pane gba-pane-save gba-pane_f040a5-ab c3-framew-gutenbergblocks-accordionblock-pane\"><div class=\"card\"><div class=\"card-header\" id=\"gba-pane-heading_f040a5-ab\"><div class=\"mb-0\"><button class=\"btn btn-link gba-expanded\" type=\"button\" aria-controls=\"gba-pane-collapse_f040a5-ab\" aria-expanded=\"true\"><span class=\"gba-pane-title\">Talleres actuales<\/span><\/button><\/div><\/div><div id=\"gba-pane-collapse_f040a5-ab\" class=\"panel-content show\" aria-labelledby=\"gba-pane-heading_f040a5-ab\" data-parent=\"#gba_553a78-c4\"><div class=\"card-body\">\n\n\tSin eventos para mostrar\n<\/div><\/div><\/div><\/div>\n<\/div>\n\n\n\n<div style=\"height:15px\" aria-hidden=\"true\" class=\"wp-block-spacer\"><\/div>\n\n\n\n<div id=\"gba_1f3090-d1\" class=\"wp-block-c3-framew-gutenbergblocks-accordionblock gba gba-view gba_1f3090-d1 c3-framew-gutenbergblocks-accordionblock\">\n<div id=\"gba-pane_d38ea8-14\" class=\"wp-block-c3-framew-gutenbergblocks-accordionblock-pane gba-pane gba-pane-save gba-pane_d38ea8-14 c3-framew-gutenbergblocks-accordionblock-pane\"><div class=\"card\"><div class=\"card-header\" id=\"gba-pane-heading_d38ea8-14\"><div class=\"mb-0\"><button class=\"btn btn-link gba-collapsed\" type=\"button\" aria-controls=\"gba-pane-collapse_d38ea8-14\" aria-expanded=\"false\"><span class=\"gba-pane-title\">Talleres anteriores<\/span><\/button><\/div><\/div><div id=\"gba-pane-collapse_d38ea8-14\" class=\"panel-content hide\" aria-labelledby=\"gba-pane-heading_d38ea8-14\" data-parent=\"#gba_1f3090-d1\"><div class=\"card-body\">\n\n\t<div class=\"encontros-formativos\">\n\t\t<ul aria-label=\"Lista de encontros formativos\" class=\"row justify-content-center list-unstyled\">\n\t\t\t\t\t\t\t\t\t\t<li class=\"align-items-center col-20 col-lg-6 d-flex flex-column px-lg-6 py-6\">\n\t\t\t\t\t<a style=\"text-decoration:none\" href=\"https:\/\/educartenatureza.uab.pt\/es\/evento\/educrtenaturaleza-recorrido-micologico\/\">\n\t\t\t\t\t<div class=\"encontro-nome\">Educ@rteNaturaleza: Paseo micol\u00f3gico<\/div>\n\t\t\t\t\t\t<div class=\"encontro-estado\">\n\t\t\t\t\t\t\t\t\t\t\t\t\t\t\t\t\t<div class=\"encontro-data-evento\">10-11-2023 &#8211; 10-11-2023<\/div>\n\t\t\t\t\t<\/div>\n\t\t\t\t\t<div class=\"encontro-imagem\">\n\t\t\t\t\t\t\t\t\t\t\t\t\t\t\t\t\t\t\t\t<img decoding=\"async\" src=\"https:\/\/educartenatureza.uab.pt\/es\/wp-content\/uploads\/sites\/38\/2023\/10\/Cartaz-Passeio-Micologico-2.png\" width=\"1414\" height=\"2000\" class=\"attachment-full size-full img-fluid\" alt=\"\" srcset=\"https:\/\/educartenatureza.uab.pt\/es\/wp-content\/uploads\/sites\/38\/2023\/10\/Cartaz-Passeio-Micologico-2.png 1414w, https:\/\/educartenatureza.uab.pt\/es\/wp-content\/uploads\/sites\/38\/2023\/10\/Cartaz-Passeio-Micologico-2-212x300.png 212w, https:\/\/educartenatureza.uab.pt\/es\/wp-content\/uploads\/sites\/38\/2023\/10\/Cartaz-Passeio-Micologico-2-724x1024.png 724w, https:\/\/educartenatureza.uab.pt\/es\/wp-content\/uploads\/sites\/38\/2023\/10\/Cartaz-Passeio-Micologico-2-768x1086.png 768w, https:\/\/educartenatureza.uab.pt\/es\/wp-content\/uploads\/sites\/38\/2023\/10\/Cartaz-Passeio-Micologico-2-1086x1536.png 1086w\" sizes=\"auto, (max-width: 1414px) 100vw, 1414px\" class=\"img-fluid\" loading=\"lazy\">\n\t\t\t\t\t\t\t\t\t\t\t<\/div>\n\t\t\t\t\t<\/a>\n\t\t\t\t\t<div class=\"encontro-excerto\"><\/div>\n\t\t\t\t<\/li>\n\t\t\t\t\t\t\t\t\t\t<li class=\"align-items-center col-20 col-lg-6 d-flex flex-column px-lg-6 py-6\">\n\t\t\t\t\t<a style=\"text-decoration:none\" href=\"https:\/\/educartenatureza.uab.pt\/es\/evento\/educrtenatureza-paseo-micologico-ii\/\">\n\t\t\t\t\t<div class=\"encontro-nome\">Educ@rteNatureza: Paseo Micol\u00f3gico II<\/div>\n\t\t\t\t\t\t<div class=\"encontro-estado\">\n\t\t\t\t\t\t\t\t\t\t\t\t\t\t\t\t\t<div class=\"encontro-data-evento\">25-11-2023 &#8211; 25-11-2023<\/div>\n\t\t\t\t\t<\/div>\n\t\t\t\t\t<div class=\"encontro-imagem\">\n\t\t\t\t\t\t\t\t\t\t\t\t\t\t\t\t\t\t\t\t<img decoding=\"async\" src=\"https:\/\/educartenatureza.uab.pt\/es\/wp-content\/uploads\/sites\/38\/2023\/10\/Cartaz-Passeio-Micologico-25-nov.png\" width=\"1414\" height=\"2000\" class=\"attachment-full size-full img-fluid\" alt=\"\" srcset=\"https:\/\/educartenatureza.uab.pt\/es\/wp-content\/uploads\/sites\/38\/2023\/10\/Cartaz-Passeio-Micologico-25-nov.png 1414w, https:\/\/educartenatureza.uab.pt\/es\/wp-content\/uploads\/sites\/38\/2023\/10\/Cartaz-Passeio-Micologico-25-nov-212x300.png 212w, https:\/\/educartenatureza.uab.pt\/es\/wp-content\/uploads\/sites\/38\/2023\/10\/Cartaz-Passeio-Micologico-25-nov-724x1024.png 724w, https:\/\/educartenatureza.uab.pt\/es\/wp-content\/uploads\/sites\/38\/2023\/10\/Cartaz-Passeio-Micologico-25-nov-768x1086.png 768w, https:\/\/educartenatureza.uab.pt\/es\/wp-content\/uploads\/sites\/38\/2023\/10\/Cartaz-Passeio-Micologico-25-nov-1086x1536.png 1086w\" sizes=\"auto, (max-width: 1414px) 100vw, 1414px\" class=\"img-fluid\" loading=\"lazy\">\n\t\t\t\t\t\t\t\t\t\t\t<\/div>\n\t\t\t\t\t<\/a>\n\t\t\t\t\t<div class=\"encontro-excerto\"><\/div>\n\t\t\t\t<\/li>\n\t\t\t\t\t\t\t\t\t\t<li class=\"align-items-center col-20 col-lg-6 d-flex flex-column px-lg-6 py-6\">\n\t\t\t\t\t<a style=\"text-decoration:none\" href=\"https:\/\/educartenatureza.uab.pt\/es\/evento\/ii-encuentro-educrtenaturaleza-el-baul\/\">\n\t\t\t\t\t<div class=\"encontro-nome\">II Encuentro Educ@rteNaturaleza &#8211; El Ba\u00fal<\/div>\n\t\t\t\t\t\t<div class=\"encontro-estado\">\n\t\t\t\t\t\t\t\t\t\t\t\t\t\t\t\t\t<div class=\"encontro-data-evento\">06-09-2023 &#8211; 06-09-2023<\/div>\n\t\t\t\t\t<\/div>\n\t\t\t\t\t<div class=\"encontro-imagem\">\n\t\t\t\t\t\t\t\t\t\t\t\t\t\t\t\t\t\t\t\t<img decoding=\"async\" src=\"https:\/\/educartenatureza.uab.pt\/es\/wp-content\/uploads\/sites\/38\/2023\/12\/Copia-de-Cartaz_-Encontro-Tronco.png\" width=\"2000\" height=\"1414\" class=\"attachment-full size-full img-fluid\" alt=\"\" srcset=\"https:\/\/educartenatureza.uab.pt\/es\/wp-content\/uploads\/sites\/38\/2023\/12\/Copia-de-Cartaz_-Encontro-Tronco.png 2000w, https:\/\/educartenatureza.uab.pt\/es\/wp-content\/uploads\/sites\/38\/2023\/12\/Copia-de-Cartaz_-Encontro-Tronco-300x212.png 300w, https:\/\/educartenatureza.uab.pt\/es\/wp-content\/uploads\/sites\/38\/2023\/12\/Copia-de-Cartaz_-Encontro-Tronco-1024x724.png 1024w, https:\/\/educartenatureza.uab.pt\/es\/wp-content\/uploads\/sites\/38\/2023\/12\/Copia-de-Cartaz_-Encontro-Tronco-768x543.png 768w, https:\/\/educartenatureza.uab.pt\/es\/wp-content\/uploads\/sites\/38\/2023\/12\/Copia-de-Cartaz_-Encontro-Tronco-1536x1086.png 1536w\" sizes=\"auto, (max-width: 2000px) 100vw, 2000px\" class=\"img-fluid\" loading=\"lazy\">\n\t\t\t\t\t\t\t\t\t\t\t<\/div>\n\t\t\t\t\t<\/a>\n\t\t\t\t\t<div class=\"encontro-excerto\"><\/div>\n\t\t\t\t<\/li>\n\t\t\t\t\t\t\t\t\t\t<li class=\"align-items-center col-20 col-lg-6 d-flex flex-column px-lg-6 py-6\">\n\t\t\t\t\t<a style=\"text-decoration:none\" href=\"https:\/\/educartenatureza.uab.pt\/es\/evento\/taller-primavera-en-foco\/\">\n\t\t\t\t\t<div class=\"encontro-nome\">Taller: primavera en foco<\/div>\n\t\t\t\t\t\t<div class=\"encontro-estado\">\n\t\t\t\t\t\t\t\t\t\t\t\t\t\t\t\t\t<div class=\"encontro-data-evento\">21-03-2024 &#8211; 21-03-2024<\/div>\n\t\t\t\t\t<\/div>\n\t\t\t\t\t<div class=\"encontro-imagem\">\n\t\t\t\t\t\t\t\t\t\t\t\t\t\t\t\t\t\t\t\t<img decoding=\"async\" src=\"https:\/\/educartenatureza.uab.pt\/es\/wp-content\/uploads\/sites\/38\/2024\/03\/Layout-Cartazes-Educ@rteNatureza-3.png\" width=\"2000\" height=\"1414\" class=\"attachment-full size-full img-fluid\" alt=\"Taller Primavera em foco\" srcset=\"https:\/\/educartenatureza.uab.pt\/es\/wp-content\/uploads\/sites\/38\/2024\/03\/Layout-Cartazes-Educ@rteNatureza-3.png 2000w, https:\/\/educartenatureza.uab.pt\/es\/wp-content\/uploads\/sites\/38\/2024\/03\/Layout-Cartazes-Educ@rteNatureza-3-300x212.png 300w, https:\/\/educartenatureza.uab.pt\/es\/wp-content\/uploads\/sites\/38\/2024\/03\/Layout-Cartazes-Educ@rteNatureza-3-1024x724.png 1024w, https:\/\/educartenatureza.uab.pt\/es\/wp-content\/uploads\/sites\/38\/2024\/03\/Layout-Cartazes-Educ@rteNatureza-3-768x543.png 768w, https:\/\/educartenatureza.uab.pt\/es\/wp-content\/uploads\/sites\/38\/2024\/03\/Layout-Cartazes-Educ@rteNatureza-3-1536x1086.png 1536w\" sizes=\"auto, (max-width: 2000px) 100vw, 2000px\" class=\"img-fluid\" loading=\"lazy\">\n\t\t\t\t\t\t\t\t\t\t\t<\/div>\n\t\t\t\t\t<\/a>\n\t\t\t\t\t<div class=\"encontro-excerto\"><\/div>\n\t\t\t\t<\/li>\n\t\t\t\t\t\t\t\t\t\t<li class=\"align-items-center col-20 col-lg-6 d-flex flex-column px-lg-6 py-6\">\n\t\t\t\t\t<a style=\"text-decoration:none\" href=\"https:\/\/educartenatureza.uab.pt\/es\/evento\/7317-2\/\">\n\t\t\t\t\t<div class=\"encontro-nome\">ExplorandoHorizontes Educativo-Ambientales | Viaje de Estudios Educ@rteNatureza<\/div>\n\t\t\t\t\t\t<div class=\"encontro-estado\">\n\t\t\t\t\t\t\t\t\t\t\t\t\t\t\t\t\t<div class=\"encontro-data-evento\">18-05-2024 &#8211; 18-05-2024<\/div>\n\t\t\t\t\t<\/div>\n\t\t\t\t\t<div class=\"encontro-imagem\">\n\t\t\t\t\t\t\t\t\t\t\t\t\t\t\t\t\t\t\t\t<img decoding=\"async\" src=\"https:\/\/educartenatureza.uab.pt\/es\/wp-content\/uploads\/sites\/38\/2024\/03\/Layout-Cartazes-Educ@rteNatureza-9.png\" width=\"2000\" height=\"1414\" class=\"attachment-full size-full img-fluid\" alt=\"Cartaz divulga\u00e7\u00e3o viagem a fundaci\u00f3n tormes\" srcset=\"https:\/\/educartenatureza.uab.pt\/es\/wp-content\/uploads\/sites\/38\/2024\/03\/Layout-Cartazes-Educ@rteNatureza-9.png 2000w, https:\/\/educartenatureza.uab.pt\/es\/wp-content\/uploads\/sites\/38\/2024\/03\/Layout-Cartazes-Educ@rteNatureza-9-300x212.png 300w, https:\/\/educartenatureza.uab.pt\/es\/wp-content\/uploads\/sites\/38\/2024\/03\/Layout-Cartazes-Educ@rteNatureza-9-1024x724.png 1024w, https:\/\/educartenatureza.uab.pt\/es\/wp-content\/uploads\/sites\/38\/2024\/03\/Layout-Cartazes-Educ@rteNatureza-9-768x543.png 768w, https:\/\/educartenatureza.uab.pt\/es\/wp-content\/uploads\/sites\/38\/2024\/03\/Layout-Cartazes-Educ@rteNatureza-9-1536x1086.png 1536w\" sizes=\"auto, (max-width: 2000px) 100vw, 2000px\" class=\"img-fluid\" loading=\"lazy\">\n\t\t\t\t\t\t\t\t\t\t\t<\/div>\n\t\t\t\t\t<\/a>\n\t\t\t\t\t<div class=\"encontro-excerto\"><\/div>\n\t\t\t\t<\/li>\n\t\t\t\t\t\t\t\t\t\t<li class=\"align-items-center col-20 col-lg-6 d-flex flex-column px-lg-6 py-6\">\n\t\t\t\t\t<a style=\"text-decoration:none\" href=\"https:\/\/educartenatureza.uab.pt\/es\/evento\/pigmentos-naturales-inorganicos-y-ecoarte\/\">\n\t\t\t\t\t<div class=\"encontro-nome\">Pigmentos naturales inorg\u00e1nicos y ecoarte<\/div>\n\t\t\t\t\t\t<div class=\"encontro-estado\">\n\t\t\t\t\t\t\t\t\t\t\t\t\t\t\t\t\t<div class=\"encontro-data-evento\">22-02-2025 &#8211; 22-02-2025<\/div>\n\t\t\t\t\t<\/div>\n\t\t\t\t\t<div class=\"encontro-imagem\">\n\t\t\t\t\t\t\t\t\t\t\t\t\t\t\t\t\t\t\t\t<img decoding=\"async\" src=\"https:\/\/educartenatureza.uab.pt\/es\/wp-content\/uploads\/sites\/38\/2025\/01\/CartazWorkshopPocarica2025.jpg\" width=\"1751\" height=\"1237\" class=\"attachment-full size-full img-fluid\" alt=\"\" srcset=\"https:\/\/educartenatureza.uab.pt\/es\/wp-content\/uploads\/sites\/38\/2025\/01\/CartazWorkshopPocarica2025.jpg 1751w, https:\/\/educartenatureza.uab.pt\/es\/wp-content\/uploads\/sites\/38\/2025\/01\/CartazWorkshopPocarica2025-300x212.jpg 300w, https:\/\/educartenatureza.uab.pt\/es\/wp-content\/uploads\/sites\/38\/2025\/01\/CartazWorkshopPocarica2025-1024x723.jpg 1024w, https:\/\/educartenatureza.uab.pt\/es\/wp-content\/uploads\/sites\/38\/2025\/01\/CartazWorkshopPocarica2025-768x543.jpg 768w, https:\/\/educartenatureza.uab.pt\/es\/wp-content\/uploads\/sites\/38\/2025\/01\/CartazWorkshopPocarica2025-1536x1085.jpg 1536w\" sizes=\"auto, (max-width: 1751px) 100vw, 1751px\" class=\"img-fluid\" loading=\"lazy\">\n\t\t\t\t\t\t\t\t\t\t\t<\/div>\n\t\t\t\t\t<\/a>\n\t\t\t\t\t<div class=\"encontro-excerto\"><\/div>\n\t\t\t\t<\/li>\n\t\t\t\t\t\t\t\t\t\t<li class=\"align-items-center col-20 col-lg-6 d-flex flex-column px-lg-6 py-6\">\n\t\t\t\t\t<a style=\"text-decoration:none\" href=\"https:\/\/educartenatureza.uab.pt\/es\/evento\/herbario-escolar-de-plantas-invasoras\/\">\n\t\t\t\t\t<div class=\"encontro-nome\">Herbario escolar de plantas invasoras<\/div>\n\t\t\t\t\t\t<div class=\"encontro-estado\">\n\t\t\t\t\t\t\t\t\t\t\t\t\t\t\t\t\t<div class=\"encontro-data-evento\">19-02-2025 &#8211; 26-02-2025<\/div>\n\t\t\t\t\t<\/div>\n\t\t\t\t\t<div class=\"encontro-imagem\">\n\t\t\t\t\t\t\t\t\t\t\t\t\t\t\t\t\t\t\t\t<img decoding=\"async\" src=\"https:\/\/educartenatureza.uab.pt\/es\/wp-content\/uploads\/sites\/38\/2025\/02\/Portal-UMCLA-3.png\" width=\"700\" height=\"344\" class=\"attachment-full size-full img-fluid\" alt=\"Herbario escolar de plantas invasoras\" srcset=\"https:\/\/educartenatureza.uab.pt\/es\/wp-content\/uploads\/sites\/38\/2025\/02\/Portal-UMCLA-3.png 700w, https:\/\/educartenatureza.uab.pt\/es\/wp-content\/uploads\/sites\/38\/2025\/02\/Portal-UMCLA-3-300x147.png 300w\" sizes=\"auto, (max-width: 700px) 100vw, 700px\" class=\"img-fluid\" loading=\"lazy\">\n\t\t\t\t\t\t\t\t\t\t\t<\/div>\n\t\t\t\t\t<\/a>\n\t\t\t\t\t<div class=\"encontro-excerto\"><\/div>\n\t\t\t\t<\/li>\n\t\t\t\t\t<\/ul>\n\t<\/div>\n<\/div><\/div><\/div><\/div>\n<\/div>\n\n\n\n<div style=\"height:100px\" aria-hidden=\"true\" class=\"wp-block-spacer\"><\/div>\n<\/div><\/div><\/div>\n","protected":false},"excerpt":{"rendered":"","protected":false},"author":1,"featured_media":0,"parent":0,"menu_order":20,"comment_status":"closed","ping_status":"closed","template":"","meta":{"speak2many_translation":"{\"pt-PT\":{\"postID\":null,\"postTitle\":\"\",\"siteID\":36,\"customURL\":true,\"languageInfo\":{\"speak2many_site_api_url\":\"https:\/\/educartenatureza.uab.pt\/wp-json\/\",\"name\":\"Portugu\u00eas\",\"locale\":\"pt_PT_ao90\"},\"langKey\":\"pt-PT\",\"url\":\"https:\/\/educartenatureza.uab.pt\/encontros-e-oficinas\/\"},\"es\":{\"url\":\"\",\"postID\":null,\"postTitle\":\"\",\"siteID\":38,\"customURL\":true,\"languageInfo\":{\"name\":\"Espa\u00f1ol\",\"locale\":\"es_ES\"},\"langKey\":\"es\"}}","footnotes":""},"class_list":["post-978","page","type-page","status-publish","hentry"],"_links":{"self":[{"href":"https:\/\/educartenatureza.uab.pt\/es\/wp-json\/wp\/v2\/pages\/978","targetHints":{"allow":["GET"]}}],"collection":[{"href":"https:\/\/educartenatureza.uab.pt\/es\/wp-json\/wp\/v2\/pages"}],"about":[{"href":"https:\/\/educartenatureza.uab.pt\/es\/wp-json\/wp\/v2\/types\/page"}],"author":[{"embeddable":true,"href":"https:\/\/educartenatureza.uab.pt\/es\/wp-json\/wp\/v2\/users\/1"}],"replies":[{"embeddable":true,"href":"https:\/\/educartenatureza.uab.pt\/es\/wp-json\/wp\/v2\/comments?post=978"}],"version-history":[{"count":8,"href":"https:\/\/educartenatureza.uab.pt\/es\/wp-json\/wp\/v2\/pages\/978\/revisions"}],"predecessor-version":[{"id":7426,"href":"https:\/\/educartenatureza.uab.pt\/es\/wp-json\/wp\/v2\/pages\/978\/revisions\/7426"}],"wp:attachment":[{"href":"https:\/\/educartenatureza.uab.pt\/es\/wp-json\/wp\/v2\/media?parent=978"}],"curies":[{"name":"wp","href":"https:\/\/api.w.org\/{rel}","templated":true}]}}